{"id":25875,"date":"2021-05-06T08:53:25","date_gmt":"2021-05-06T06:53:25","guid":{"rendered":"https:\/\/webshop.artpred.com\/consulte-aqui-los-resultados-del-estudio\/"},"modified":"2021-06-04T14:51:02","modified_gmt":"2021-06-04T12:51:02","slug":"consulte-aqui-los-resultados-del-estudio","status":"publish","type":"page","link":"https:\/\/webshop.artpred.com\/es\/consulte-aqui-los-resultados-del-estudio\/","title":{"rendered":"Consulte aqu\u00ed los resultados del estudio"},"content":{"rendered":"<p>[vc_row][vc_column width=&#8221;1\/2&#8243;][vc_custom_heading text=&#8221;Consulte aqu\u00ed los resultados del estudio&#8221; font_container=&#8221;tag:h1|text_align:left&#8221; use_theme_fonts=&#8221;yes&#8221;][\/vc_column][vc_column width=&#8221;1\/2&#8243;][\/vc_column][\/vc_row][vc_row][vc_column width=&#8221;2\/3&#8243;][vc_column_text]Dentro del kit ReceptIVFity recibido encontrar\u00e1, entre el material incluido, un c\u00f3digo identificador \u00fanico. Utilizando este c\u00f3digo puede consultar el resultado del test.[\/vc_column_text][\/vc_column][vc_column width=&#8221;1\/3&#8243;][\/vc_column][\/vc_row][vc_row][vc_column][\/vc_column][\/vc_row][vc_row][vc_column][\/vc_column][\/vc_row]<\/p>\n","protected":false},"excerpt":{"rendered":"<p>[vc_row][vc_column width=&#8221;1\/2&#8243;][vc_custom_heading text=&#8221;Consulte aqu\u00ed los resultados del estudio&#8221; font_container=&#8221;tag:h1|text_align:left&#8221; use_theme_fonts=&#8221;yes&#8221;][\/vc_column][vc_column width=&#8221;1\/2&#8243;][\/vc_column][\/vc_row][vc_row][vc_column width=&#8221;2\/3&#8243;][vc_column_text]Dentro del kit ReceptIVFity recibido encontrar\u00e1, entre el material incluido, un c\u00f3digo identificador \u00fanico. Utilizando este c\u00f3digo puede consultar el resultado del test.[\/vc_column_text][\/vc_column][vc_column width=&#8221;1\/3&#8243;][\/vc_column][\/vc_row][vc_row][vc_column][\/vc_column][\/vc_row][vc_row][vc_column][\/vc_column][\/vc_row]<\/p>\n","protected":false},"author":1,"featured_media":0,"parent":0,"menu_order":0,"comment_status":"closed","ping_status":"closed","template":"page-templates\/uitslag-page.php","meta":{"footnotes":""},"acf":[],"yoast_head":"<!-- This site is optimized with the Yoast SEO plugin v23.0 - https:\/\/yoast.com\/wordpress\/plugins\/seo\/ -->\n<title>Consulte aqu\u00ed los resultados del estudio - webshop.artpred.com<\/title>\n<meta name=\"description\" content=\"Consulte aqu\u00ed los resultados del estudio ReceptIVFity.\" \/>\n<meta name=\"robots\" content=\"index, follow, max-snippet:-1, max-image-preview:large, max-video-preview:-1\" \/>\n<link rel=\"canonical\" href=\"https:\/\/webshop.artpred.com\/es\/consulte-aqui-los-resultados-del-estudio\/\" \/>\n<meta property=\"og:locale\" content=\"es_ES\" \/>\n<meta property=\"og:type\" content=\"article\" \/>\n<meta property=\"og:title\" content=\"Consulte aqu\u00ed los resultados del estudio - webshop.artpred.com\" \/>\n<meta property=\"og:description\" content=\"Consulte aqu\u00ed los resultados del estudio ReceptIVFity.\" \/>\n<meta property=\"og:url\" content=\"https:\/\/webshop.artpred.com\/es\/consulte-aqui-los-resultados-del-estudio\/\" \/>\n<meta property=\"og:site_name\" content=\"webshop.artpred.com\" \/>\n<meta property=\"article:modified_time\" content=\"2021-06-04T12:51:02+00:00\" \/>\n<meta name=\"twitter:card\" content=\"summary_large_image\" \/>\n<script type=\"application\/ld+json\" class=\"yoast-schema-graph\">{\"@context\":\"https:\/\/schema.org\",\"@graph\":[{\"@type\":\"WebPage\",\"@id\":\"https:\/\/webshop.artpred.com\/es\/consulte-aqui-los-resultados-del-estudio\/\",\"url\":\"https:\/\/webshop.artpred.com\/es\/consulte-aqui-los-resultados-del-estudio\/\",\"name\":\"Consulte aqu\u00ed los resultados del estudio - webshop.artpred.com\",\"isPartOf\":{\"@id\":\"https:\/\/webshop.artpred.com\/es\/#website\"},\"datePublished\":\"2021-05-06T06:53:25+00:00\",\"dateModified\":\"2021-06-04T12:51:02+00:00\",\"description\":\"Consulte aqu\u00ed los resultados del estudio ReceptIVFity.\",\"breadcrumb\":{\"@id\":\"https:\/\/webshop.artpred.com\/es\/consulte-aqui-los-resultados-del-estudio\/#breadcrumb\"},\"inLanguage\":\"es\",\"potentialAction\":[{\"@type\":\"ReadAction\",\"target\":[\"https:\/\/webshop.artpred.com\/es\/consulte-aqui-los-resultados-del-estudio\/\"]}]},{\"@type\":\"BreadcrumbList\",\"@id\":\"https:\/\/webshop.artpred.com\/es\/consulte-aqui-los-resultados-del-estudio\/#breadcrumb\",\"itemListElement\":[{\"@type\":\"ListItem\",\"position\":1,\"name\":\"Home\",\"item\":\"https:\/\/webshop.artpred.com\/es\/\"},{\"@type\":\"ListItem\",\"position\":2,\"name\":\"Consulte aqu\u00ed los resultados del estudio\"}]},{\"@type\":\"WebSite\",\"@id\":\"https:\/\/webshop.artpred.com\/es\/#website\",\"url\":\"https:\/\/webshop.artpred.com\/es\/\",\"name\":\"webshop.artpred.com\",\"description\":\"Betrouwbare laboratoriumtesten voor thuisafname\",\"potentialAction\":[{\"@type\":\"SearchAction\",\"target\":{\"@type\":\"EntryPoint\",\"urlTemplate\":\"https:\/\/webshop.artpred.com\/es\/?s={search_term_string}\"},\"query-input\":\"required name=search_term_string\"}],\"inLanguage\":\"es\"}]}<\/script>\n<!-- \/ Yoast SEO plugin. -->","yoast_head_json":{"title":"Consulte aqu\u00ed los resultados del estudio - webshop.artpred.com","description":"Consulte aqu\u00ed los resultados del estudio ReceptIVFity.","robots":{"index":"index","follow":"follow","max-snippet":"max-snippet:-1","max-image-preview":"max-image-preview:large","max-video-preview":"max-video-preview:-1"},"canonical":"https:\/\/webshop.artpred.com\/es\/consulte-aqui-los-resultados-del-estudio\/","og_locale":"es_ES","og_type":"article","og_title":"Consulte aqu\u00ed los resultados del estudio - webshop.artpred.com","og_description":"Consulte aqu\u00ed los resultados del estudio ReceptIVFity.","og_url":"https:\/\/webshop.artpred.com\/es\/consulte-aqui-los-resultados-del-estudio\/","og_site_name":"webshop.artpred.com","article_modified_time":"2021-06-04T12:51:02+00:00","twitter_card":"summary_large_image","schema":{"@context":"https:\/\/schema.org","@graph":[{"@type":"WebPage","@id":"https:\/\/webshop.artpred.com\/es\/consulte-aqui-los-resultados-del-estudio\/","url":"https:\/\/webshop.artpred.com\/es\/consulte-aqui-los-resultados-del-estudio\/","name":"Consulte aqu\u00ed los resultados del estudio - webshop.artpred.com","isPartOf":{"@id":"https:\/\/webshop.artpred.com\/es\/#website"},"datePublished":"2021-05-06T06:53:25+00:00","dateModified":"2021-06-04T12:51:02+00:00","description":"Consulte aqu\u00ed los resultados del estudio ReceptIVFity.","breadcrumb":{"@id":"https:\/\/webshop.artpred.com\/es\/consulte-aqui-los-resultados-del-estudio\/#breadcrumb"},"inLanguage":"es","potentialAction":[{"@type":"ReadAction","target":["https:\/\/webshop.artpred.com\/es\/consulte-aqui-los-resultados-del-estudio\/"]}]},{"@type":"BreadcrumbList","@id":"https:\/\/webshop.artpred.com\/es\/consulte-aqui-los-resultados-del-estudio\/#breadcrumb","itemListElement":[{"@type":"ListItem","position":1,"name":"Home","item":"https:\/\/webshop.artpred.com\/es\/"},{"@type":"ListItem","position":2,"name":"Consulte aqu\u00ed los resultados del estudio"}]},{"@type":"WebSite","@id":"https:\/\/webshop.artpred.com\/es\/#website","url":"https:\/\/webshop.artpred.com\/es\/","name":"webshop.artpred.com","description":"Betrouwbare laboratoriumtesten voor thuisafname","potentialAction":[{"@type":"SearchAction","target":{"@type":"EntryPoint","urlTemplate":"https:\/\/webshop.artpred.com\/es\/?s={search_term_string}"},"query-input":"required name=search_term_string"}],"inLanguage":"es"}]}},"_links":{"self":[{"href":"https:\/\/webshop.artpred.com\/es\/wp-json\/wp\/v2\/pages\/25875"}],"collection":[{"href":"https:\/\/webshop.artpred.com\/es\/wp-json\/wp\/v2\/pages"}],"about":[{"href":"https:\/\/webshop.artpred.com\/es\/wp-json\/wp\/v2\/types\/page"}],"author":[{"embeddable":true,"href":"https:\/\/webshop.artpred.com\/es\/wp-json\/wp\/v2\/users\/1"}],"replies":[{"embeddable":true,"href":"https:\/\/webshop.artpred.com\/es\/wp-json\/wp\/v2\/comments?post=25875"}],"version-history":[{"count":12,"href":"https:\/\/webshop.artpred.com\/es\/wp-json\/wp\/v2\/pages\/25875\/revisions"}],"predecessor-version":[{"id":25968,"href":"https:\/\/webshop.artpred.com\/es\/wp-json\/wp\/v2\/pages\/25875\/revisions\/25968"}],"wp:attachment":[{"href":"https:\/\/webshop.artpred.com\/es\/wp-json\/wp\/v2\/media?parent=25875"}],"curies":[{"name":"wp","href":"https:\/\/api.w.org\/{rel}","templated":true}]}}