{"id":4628,"date":"2018-05-16T10:01:58","date_gmt":"2018-05-16T09:01:58","guid":{"rendered":"https:\/\/webshop.artpred.com\/?page_id=4628"},"modified":"2020-10-14T12:53:31","modified_gmt":"2020-10-14T10:53:31","slug":"kontakt","status":"publish","type":"page","link":"https:\/\/webshop.artpred.com\/de\/kontakt\/","title":{"rendered":"Kontakt"},"content":{"rendered":"<p>[vc_row][vc_column][vc_custom_heading text=&#8221;Kontakt&#8221; font_container=&#8221;tag:h1|text_align:center&#8221; use_theme_fonts=&#8221;yes&#8221; css=&#8221;.vc_custom_1513671997888{margin-top: 0px !important;margin-bottom: 40px !important;}&#8221;][vc_column_text]<\/p>\n<p style=\"text-align: center;\">Wenn Sie mit uns Kontakt aufnehmen wollen, um Fragen zu stellen oder Anmerkungen zu machen, dann ist das selbstverst\u00e4ndlcih m\u00f6glich. Beachten Sie bitte: Medizinische Fragen d\u00fcrfen wir nicht beantworten, daf\u00fcr verweisen wir Sie weiter an Ihren Arzt.<\/p>\n<p>[\/vc_column_text][\/vc_column][\/vc_row][vc_row css=&#8221;.vc_custom_1482852561400{margin-bottom: 30px !important;}&#8221;][vc_column width=&#8221;1\/3&#8243; el_class=&#8221;contact-1&#8243;][vc_single_image image=&#8221;4642&#8243; img_size=&#8221;full&#8221; alignment=&#8221;center&#8221; style=&#8221;vc_box_border_circle_2&#8243; el_class=&#8221;icon-ct&#8221;][vc_custom_heading text=&#8221;<\/p>\n<p>Unsere Adresse<\/p>\n<p>&#8221; font_container=&#8221;tag:h3|text_align:center&#8221; use_theme_fonts=&#8221;yes&#8221; css=&#8221;.vc_custom_1513672413232{margin-top: 40px !important;margin-bottom: 20px !important;}&#8221;][vc_column_text el_class=&#8221;text-center&#8221;]Artpred<br \/>\nAalsmeerderdijk 158 C<br \/>\n1438 AX, Oude Meer<br \/>\nDie Niederlande[\/vc_column_text][\/vc_column][vc_column width=&#8221;1\/3&#8243; el_class=&#8221;contact-1&#8243;][vc_single_image image=&#8221;4643&#8243; img_size=&#8221;32&#215;32&#8243; alignment=&#8221;center&#8221; style=&#8221;vc_box_border_circle_2&#8243; el_class=&#8221;icon-ct&#8221;][vc_custom_heading text=&#8221;Unsere Email-Adresse&#8221; font_container=&#8221;tag:h3|text_align:center&#8221; use_theme_fonts=&#8221;yes&#8221; css=&#8221;.vc_custom_1513672425773{margin-top: 40px !important;margin-bottom: 20px !important;}&#8221;][vc_column_text el_class=&#8221;text-center&#8221;]<a href=\"&#109;&#x61;&#105;&#x6c;t&#x6f;:&#105;&#x6e;&#102;&#x6f;&#64;&#x61;r&#116;&#x70;&#114;&#x65;d&#x2e;c&#111;&#x6d;\" target=\"_blank\" rel=\"noopener noreferrer\">&#x69;&#110;f&#x6f;&#x40;&#97;r&#x74;&#x70;&#114;e&#x64;&#46;c&#x6f;&#x6d;<\/a><br \/>\nWir beantworten Ihre Email innerhalb ein Arbeitstag.[\/vc_column_text][\/vc_column][vc_column width=&#8221;1\/3&#8243; el_class=&#8221;contact-1&#8243;][vc_single_image image=&#8221;25679&#8243; img_size=&#8221;full&#8221; alignment=&#8221;center&#8221; style=&#8221;vc_box_border_circle_2&#8243; el_class=&#8221;icon-ct&#8221;][vc_custom_heading text=&#8221;<\/p>\n<p>Unsere Angaben:<\/p>\n<p>&#8221; font_container=&#8221;tag:h3|text_align:center&#8221; use_theme_fonts=&#8221;yes&#8221; css=&#8221;.vc_custom_1513672432840{margin-top: 40px !important;margin-bottom: 20px !important;}&#8221;][vc_column_text el_class=&#8221;text-center&#8221;]KVK nummer: 58469613<br \/>\nVAT nummer: NL853053285B01[\/vc_column_text][\/vc_column][\/vc_row][vc_column][\/vc_column]<\/p>\n","protected":false},"excerpt":{"rendered":"<p>[vc_row][vc_column][vc_custom_heading text=&#8221;Kontakt&#8221; font_container=&#8221;tag:h1|text_align:center&#8221; use_theme_fonts=&#8221;yes&#8221; css=&#8221;.vc_custom_1513671997888{margin-top: 0px !important;margin-bottom: 40px !important;}&#8221;][vc_column_text] Wenn Sie mit uns Kontakt aufnehmen wollen, um Fragen zu stellen oder Anmerkungen zu machen, dann ist das selbstverst\u00e4ndlcih m\u00f6glich. Beachten Sie bitte: Medizinische Fragen d\u00fcrfen wir nicht beantworten, daf\u00fcr verweisen wir Sie weiter an Ihren Arzt. [\/vc_column_text][\/vc_column][\/vc_row][vc_row css=&#8221;.vc_custom_1482852561400{margin-bottom: 30px !important;}&#8221;][vc_column width=&#8221;1\/3&#8243; el_class=&#8221;contact-1&#8243;][vc_single_image image=&#8221;4642&#8243; img_size=&#8221;full&#8221; alignment=&#8221;center&#8221; &hellip; <a href=\"https:\/\/webshop.artpred.com\/de\/kontakt\/\" class=\"more-link\">Continue reading <span class=\"screen-reader-text\">Kontakt<\/span> &lt;span class=&quot;meta-nav&quot;&gt;&rarr;&lt;\/span&gt;<\/a><\/p>\n","protected":false},"author":1,"featured_media":0,"parent":0,"menu_order":0,"comment_status":"closed","ping_status":"closed","template":"page-templates\/full-width.php","meta":{"footnotes":""},"acf":[],"yoast_head":"<!-- This site is optimized with the Yoast SEO plugin v23.0 - https:\/\/yoast.com\/wordpress\/plugins\/seo\/ -->\n<title>Kontakt - webshop.artpred.com<\/title>\n<meta name=\"robots\" content=\"index, follow, max-snippet:-1, max-image-preview:large, max-video-preview:-1\" \/>\n<link rel=\"canonical\" href=\"https:\/\/webshop.artpred.com\/de\/kontakt\/\" \/>\n<meta property=\"og:locale\" content=\"de_DE\" \/>\n<meta property=\"og:type\" content=\"article\" \/>\n<meta property=\"og:title\" content=\"Kontakt - webshop.artpred.com\" \/>\n<meta property=\"og:description\" content=\"[vc_row][vc_column][vc_custom_heading text=&#8221;Kontakt&#8221; font_container=&#8221;tag:h1|text_align:center&#8221; use_theme_fonts=&#8221;yes&#8221; css=&#8221;.vc_custom_1513671997888{margin-top: 0px !important;margin-bottom: 40px !important;}&#8221;][vc_column_text] Wenn Sie mit uns Kontakt aufnehmen wollen, um Fragen zu stellen oder Anmerkungen zu machen, dann ist das selbstverst\u00e4ndlcih m\u00f6glich. Beachten Sie bitte: Medizinische Fragen d\u00fcrfen wir nicht beantworten, daf\u00fcr verweisen wir Sie weiter an Ihren Arzt. [\/vc_column_text][\/vc_column][\/vc_row][vc_row css=&#8221;.vc_custom_1482852561400{margin-bottom: 30px !important;}&#8221;][vc_column width=&#8221;1\/3&#8243; el_class=&#8221;contact-1&#8243;][vc_single_image image=&#8221;4642&#8243; img_size=&#8221;full&#8221; alignment=&#8221;center&#8221; &hellip; Continue reading Kontakt &lt;span class=&quot;meta-nav&quot;&gt;&rarr;&lt;\/span&gt;\" \/>\n<meta property=\"og:url\" content=\"https:\/\/webshop.artpred.com\/de\/kontakt\/\" \/>\n<meta property=\"og:site_name\" content=\"webshop.artpred.com\" \/>\n<meta property=\"article:modified_time\" content=\"2020-10-14T10:53:31+00:00\" \/>\n<meta name=\"twitter:card\" content=\"summary_large_image\" \/>\n<meta name=\"twitter:label1\" content=\"Gesch\u00e4tzte Lesezeit\" \/>\n\t<meta name=\"twitter:data1\" content=\"1 Minute\" \/>\n<script type=\"application\/ld+json\" class=\"yoast-schema-graph\">{\"@context\":\"https:\/\/schema.org\",\"@graph\":[{\"@type\":\"WebPage\",\"@id\":\"https:\/\/webshop.artpred.com\/de\/kontakt\/\",\"url\":\"https:\/\/webshop.artpred.com\/de\/kontakt\/\",\"name\":\"Kontakt - webshop.artpred.com\",\"isPartOf\":{\"@id\":\"https:\/\/webshop.artpred.com\/de\/#website\"},\"datePublished\":\"2018-05-16T09:01:58+00:00\",\"dateModified\":\"2020-10-14T10:53:31+00:00\",\"breadcrumb\":{\"@id\":\"https:\/\/webshop.artpred.com\/de\/kontakt\/#breadcrumb\"},\"inLanguage\":\"de-DE\",\"potentialAction\":[{\"@type\":\"ReadAction\",\"target\":[\"https:\/\/webshop.artpred.com\/de\/kontakt\/\"]}]},{\"@type\":\"BreadcrumbList\",\"@id\":\"https:\/\/webshop.artpred.com\/de\/kontakt\/#breadcrumb\",\"itemListElement\":[{\"@type\":\"ListItem\",\"position\":1,\"name\":\"Home\",\"item\":\"https:\/\/webshop.artpred.com\/de\/\"},{\"@type\":\"ListItem\",\"position\":2,\"name\":\"Kontakt\"}]},{\"@type\":\"WebSite\",\"@id\":\"https:\/\/webshop.artpred.com\/de\/#website\",\"url\":\"https:\/\/webshop.artpred.com\/de\/\",\"name\":\"webshop.artpred.com\",\"description\":\"ReceptIVFity test zu Hause\",\"potentialAction\":[{\"@type\":\"SearchAction\",\"target\":{\"@type\":\"EntryPoint\",\"urlTemplate\":\"https:\/\/webshop.artpred.com\/de\/?s={search_term_string}\"},\"query-input\":\"required name=search_term_string\"}],\"inLanguage\":\"de-DE\"}]}<\/script>\n<!-- \/ Yoast SEO plugin. -->","yoast_head_json":{"title":"Kontakt - webshop.artpred.com","robots":{"index":"index","follow":"follow","max-snippet":"max-snippet:-1","max-image-preview":"max-image-preview:large","max-video-preview":"max-video-preview:-1"},"canonical":"https:\/\/webshop.artpred.com\/de\/kontakt\/","og_locale":"de_DE","og_type":"article","og_title":"Kontakt - webshop.artpred.com","og_description":"[vc_row][vc_column][vc_custom_heading text=&#8221;Kontakt&#8221; font_container=&#8221;tag:h1|text_align:center&#8221; use_theme_fonts=&#8221;yes&#8221; css=&#8221;.vc_custom_1513671997888{margin-top: 0px !important;margin-bottom: 40px !important;}&#8221;][vc_column_text] Wenn Sie mit uns Kontakt aufnehmen wollen, um Fragen zu stellen oder Anmerkungen zu machen, dann ist das selbstverst\u00e4ndlcih m\u00f6glich. Beachten Sie bitte: Medizinische Fragen d\u00fcrfen wir nicht beantworten, daf\u00fcr verweisen wir Sie weiter an Ihren Arzt. [\/vc_column_text][\/vc_column][\/vc_row][vc_row css=&#8221;.vc_custom_1482852561400{margin-bottom: 30px !important;}&#8221;][vc_column width=&#8221;1\/3&#8243; el_class=&#8221;contact-1&#8243;][vc_single_image image=&#8221;4642&#8243; img_size=&#8221;full&#8221; alignment=&#8221;center&#8221; &hellip; Continue reading Kontakt &lt;span class=&quot;meta-nav&quot;&gt;&rarr;&lt;\/span&gt;","og_url":"https:\/\/webshop.artpred.com\/de\/kontakt\/","og_site_name":"webshop.artpred.com","article_modified_time":"2020-10-14T10:53:31+00:00","twitter_card":"summary_large_image","twitter_misc":{"Gesch\u00e4tzte Lesezeit":"1 Minute"},"schema":{"@context":"https:\/\/schema.org","@graph":[{"@type":"WebPage","@id":"https:\/\/webshop.artpred.com\/de\/kontakt\/","url":"https:\/\/webshop.artpred.com\/de\/kontakt\/","name":"Kontakt - webshop.artpred.com","isPartOf":{"@id":"https:\/\/webshop.artpred.com\/de\/#website"},"datePublished":"2018-05-16T09:01:58+00:00","dateModified":"2020-10-14T10:53:31+00:00","breadcrumb":{"@id":"https:\/\/webshop.artpred.com\/de\/kontakt\/#breadcrumb"},"inLanguage":"de-DE","potentialAction":[{"@type":"ReadAction","target":["https:\/\/webshop.artpred.com\/de\/kontakt\/"]}]},{"@type":"BreadcrumbList","@id":"https:\/\/webshop.artpred.com\/de\/kontakt\/#breadcrumb","itemListElement":[{"@type":"ListItem","position":1,"name":"Home","item":"https:\/\/webshop.artpred.com\/de\/"},{"@type":"ListItem","position":2,"name":"Kontakt"}]},{"@type":"WebSite","@id":"https:\/\/webshop.artpred.com\/de\/#website","url":"https:\/\/webshop.artpred.com\/de\/","name":"webshop.artpred.com","description":"ReceptIVFity test zu Hause","potentialAction":[{"@type":"SearchAction","target":{"@type":"EntryPoint","urlTemplate":"https:\/\/webshop.artpred.com\/de\/?s={search_term_string}"},"query-input":"required name=search_term_string"}],"inLanguage":"de-DE"}]}},"_links":{"self":[{"href":"https:\/\/webshop.artpred.com\/de\/wp-json\/wp\/v2\/pages\/4628"}],"collection":[{"href":"https:\/\/webshop.artpred.com\/de\/wp-json\/wp\/v2\/pages"}],"about":[{"href":"https:\/\/webshop.artpred.com\/de\/wp-json\/wp\/v2\/types\/page"}],"author":[{"embeddable":true,"href":"https:\/\/webshop.artpred.com\/de\/wp-json\/wp\/v2\/users\/1"}],"replies":[{"embeddable":true,"href":"https:\/\/webshop.artpred.com\/de\/wp-json\/wp\/v2\/comments?post=4628"}],"version-history":[{"count":19,"href":"https:\/\/webshop.artpred.com\/de\/wp-json\/wp\/v2\/pages\/4628\/revisions"}],"predecessor-version":[{"id":25682,"href":"https:\/\/webshop.artpred.com\/de\/wp-json\/wp\/v2\/pages\/4628\/revisions\/25682"}],"wp:attachment":[{"href":"https:\/\/webshop.artpred.com\/de\/wp-json\/wp\/v2\/media?parent=4628"}],"curies":[{"name":"wp","href":"https:\/\/api.w.org\/{rel}","templated":true}]}}