{"id":4626,"date":"2018-05-16T10:01:39","date_gmt":"2018-05-16T08:01:39","guid":{"rendered":"https:\/\/webshop.artpred.com\/?page_id=4626"},"modified":"2020-11-02T17:17:05","modified_gmt":"2020-11-02T16:17:05","slug":"wie-funktioniert-es","status":"publish","type":"page","link":"https:\/\/webshop.artpred.com\/de\/wie-funktioniert-es\/","title":{"rendered":"Wie funktioniert es?"},"content":{"rendered":"<p>[vc_row][vc_column][vc_custom_heading text=&#8221;Wie funktioniert der ReceptIVFity Heimtest?&#8221; font_container=&#8221;tag:h1|text_align:center&#8221; use_theme_fonts=&#8221;yes&#8221;][\/vc_column][\/vc_row][vc_row full_width=&#8221;stretch_row&#8221; gap=&#8221;35&#8243; css=&#8221;.vc_custom_1521113131025{padding-top: 30px !important;padding-bottom: 30px !important;background-color: #2ea3f2 !important;}&#8221;][vc_column width=&#8221;1\/4&#8243;][vc_single_image image=&#8221;25416&#8243; img_size=&#8221;300&#215;300&#8243; alignment=&#8221;center&#8221;][\/vc_column][vc_column width=&#8221;3\/4&#8243;][vc_custom_heading text=&#8221;1. Bestellung&#8221; font_container=&#8221;tag:h2|text_align:center|color:%23ffffff&#8221; use_theme_fonts=&#8221;yes&#8221;][vc_column_text]<\/p>\n<p style=\"text-align: center;\">Sie bestellen ein Produkt in unserem Webshop. Das\u00a0 geht ganz einfach. Sie zahlen bequem via PayPal oder einer anderen Zahlungsmethode Ihrer Wahl. Wenn Sie vor 11 Uhr bestellen, wird die Bestellung noch am selben Tag aus den Niederlanden versendet. Dies bedeutet, dass Sie den Test in den meisten F\u00e4llen innerhalb von 2 Arbeitstagen erhalten.<\/p>\n<p style=\"text-align: center;\"><strong>HINWEIS:<\/strong> Es ist wichtig, im Voraus mit Ihrem Arzt zu besprechen, wann es am besten ist, den ReceptIVFity-Test durchzuf\u00fchren, damit Sie die Ergebnisse auch mit ihm \/ ihr besprechen k\u00f6nnen. Die Ergebnisse sind nur f\u00fcr kurze Zeit g\u00fcltig.<\/p>\n<p>[\/vc_column_text][\/vc_column][\/vc_row][vc_row gap=&#8221;35&#8243; css=&#8221;.vc_custom_1513676879526{padding-top: 30px !important;padding-bottom: 30px !important;}&#8221;][vc_column width=&#8221;2\/3&#8243;][vc_custom_heading text=&#8221;2. Machen Sie den Test zu Hause&#8221; font_container=&#8221;tag:h2|text_align:center&#8221; use_theme_fonts=&#8221;yes&#8221;][vc_column_text]<\/p>\n<p style=\"text-align: center;\">In der Packungsbeilage des Tests finden Sie eine genaue Anleitung, wie Sie die Probenabnahme einfach selbst durchf\u00fchren k\u00f6nnen.<br \/>\nNehmen Sie an dem Tag, den Sie mit Ihrem Arzt besprochen haben, mit einem speziellen Wattest\u00e4bchen aus dem Testpaket etwas Schleim aus der Vagina. Danach stecken Sie das Wattest\u00e4bchen in das mitgelieferte R\u00f6hrchen mit Fl\u00fcssigkeit. Sie k\u00f6nnen sich auch die <a href=\"https:\/\/webshop.artpred.com\/de\/faq\/\">h\u00e4ufig gestellten Fragen<\/a> ansehen. Wenn Sie weitere Fragen zum Test selbst haben, besuchen Sie <a href=\"http:\/\/receptivfity.com\" target=\"_blank\" rel=\"noopener noreferrer\">receptIVFity.com<\/a><\/p>\n<p style=\"text-align: center;\"><strong>Achtung:<\/strong>\u00a0Unsere Tests werden vollkommen anonym analysiert, und Ihr Code bietet die einzige M\u00f6glichkeit, Ihr Testresultat abzurufen.<\/p>\n<p>[\/vc_column_text][\/vc_column][vc_column width=&#8221;1\/3&#8243;][vc_single_image image=&#8221;25434&#8243; img_size=&#8221;200&#215;200&#8243; alignment=&#8221;center&#8221;][\/vc_column][\/vc_row][vc_row full_width=&#8221;stretch_row&#8221; gap=&#8221;35&#8243; css=&#8221;.vc_custom_1521113143939{padding-top: 30px !important;padding-bottom: 30px !important;background-color: #2ea3f2 !important;}&#8221;][vc_column width=&#8221;1\/4&#8243;][vc_single_image image=&#8221;25422&#8243; img_size=&#8221;medium&#8221; alignment=&#8221;center&#8221;][\/vc_column][vc_column width=&#8221;3\/4&#8243;][vc_custom_heading text=&#8221;3. Senden Sie den Test ein&#8221; font_container=&#8221;tag:h2|text_align:center|color:%23ffffff&#8221; use_theme_fonts=&#8221;yes&#8221;][vc_column_text]<\/p>\n<p style=\"text-align: center;\">Wenn Sie den Test selbst durchgef\u00fchrt haben, verpacken Sie ihn wie in der Packungsbeilage angegeben. Anschlie\u00dfend k\u00f6nnen Sie den Test mit der beiliegenden R\u00fcckgabebox an unser Labor zur\u00fccksenden. Dies ist \u00fcber einen normalen Briefkasten m\u00f6glich und f\u00fcr Sie kostenlos.<\/p>\n<p style=\"text-align: center;\">Bewahren Sie die im Lieferumfang enthaltene Code-Karte gut auf. Sie ben\u00f6tigen sie, um die Testergebnisse abzurufen.<\/p>\n<p>[\/vc_column_text][\/vc_column][\/vc_row][vc_row gap=&#8221;35&#8243; css=&#8221;.vc_custom_1513676913747{padding-top: 30px !important;padding-bottom: 30px !important;}&#8221;][vc_column width=&#8221;2\/3&#8243;][vc_custom_heading text=&#8221;4. Rufen Sie Ihre Testergebnisse online ab&#8221; font_container=&#8221;tag:h2|text_align:center&#8221; use_theme_fonts=&#8221;yes&#8221;][vc_column_text]<\/p>\n<p style=\"text-align: center;\">Sobald wir Ihren Test analysiert haben, erhalten Sie die Ergebnisse von uns \u00fcber diese Website. Die Analysezeit betr\u00e4gt in der Regel 5 Werktage nach Ankunft in unserem Labor. Sie k\u00f6nnen dann Ihr Ergebnis mit dem Code anfordern, der mit Ihrem Test geliefert wird. Wir erstellen f\u00fcr Sie einen Bericht, in dem alle Informationen enthalten sind, die der Arzt ben\u00f6tigt.<\/p>\n<p>[\/vc_column_text][\/vc_column][vc_column width=&#8221;1\/3&#8243;][vc_single_image image=&#8221;25440&#8243; img_size=&#8221;200&#215;200&#8243; alignment=&#8221;center&#8221;][\/vc_column][\/vc_row]<\/p>\n","protected":false},"excerpt":{"rendered":"<p>[vc_row][vc_column][vc_custom_heading text=&#8221;Wie funktioniert der ReceptIVFity Heimtest?&#8221; font_container=&#8221;tag:h1|text_align:center&#8221; use_theme_fonts=&#8221;yes&#8221;][\/vc_column][\/vc_row][vc_row full_width=&#8221;stretch_row&#8221; gap=&#8221;35&#8243; css=&#8221;.vc_custom_1521113131025{padding-top: 30px !important;padding-bottom: 30px !important;background-color: #2ea3f2 !important;}&#8221;][vc_column width=&#8221;1\/4&#8243;][vc_single_image image=&#8221;25416&#8243; img_size=&#8221;300&#215;300&#8243; alignment=&#8221;center&#8221;][\/vc_column][vc_column width=&#8221;3\/4&#8243;][vc_custom_heading text=&#8221;1. Bestellung&#8221; font_container=&#8221;tag:h2|text_align:center|color:%23ffffff&#8221; use_theme_fonts=&#8221;yes&#8221;][vc_column_text] Sie bestellen ein Produkt in unserem Webshop. Das\u00a0 geht ganz einfach. Sie zahlen bequem via PayPal oder einer anderen Zahlungsmethode Ihrer Wahl. Wenn Sie vor 11 Uhr bestellen, wird &hellip; <a href=\"https:\/\/webshop.artpred.com\/de\/wie-funktioniert-es\/\" class=\"more-link\">Continue reading <span class=\"screen-reader-text\">Wie funktioniert es?<\/span> &lt;span class=&quot;meta-nav&quot;&gt;&rarr;&lt;\/span&gt;<\/a><\/p>\n","protected":false},"author":1,"featured_media":0,"parent":0,"menu_order":0,"comment_status":"closed","ping_status":"closed","template":"","meta":{"footnotes":""},"acf":[],"yoast_head":"<!-- This site is optimized with the Yoast SEO plugin v23.0 - https:\/\/yoast.com\/wordpress\/plugins\/seo\/ -->\n<title>Wie funktioniert es? - webshop.artpred.com<\/title>\n<meta name=\"robots\" content=\"index, follow, max-snippet:-1, max-image-preview:large, max-video-preview:-1\" \/>\n<link rel=\"canonical\" href=\"https:\/\/webshop.artpred.com\/de\/wie-funktioniert-es\/\" \/>\n<meta property=\"og:locale\" content=\"de_DE\" \/>\n<meta property=\"og:type\" content=\"article\" \/>\n<meta property=\"og:title\" content=\"Wie funktioniert es? - webshop.artpred.com\" \/>\n<meta property=\"og:description\" content=\"[vc_row][vc_column][vc_custom_heading text=&#8221;Wie funktioniert der ReceptIVFity Heimtest?&#8221; font_container=&#8221;tag:h1|text_align:center&#8221; use_theme_fonts=&#8221;yes&#8221;][\/vc_column][\/vc_row][vc_row full_width=&#8221;stretch_row&#8221; gap=&#8221;35&#8243; css=&#8221;.vc_custom_1521113131025{padding-top: 30px !important;padding-bottom: 30px !important;background-color: #2ea3f2 !important;}&#8221;][vc_column width=&#8221;1\/4&#8243;][vc_single_image image=&#8221;25416&#8243; img_size=&#8221;300&#215;300&#8243; alignment=&#8221;center&#8221;][\/vc_column][vc_column width=&#8221;3\/4&#8243;][vc_custom_heading text=&#8221;1. Bestellung&#8221; font_container=&#8221;tag:h2|text_align:center|color:%23ffffff&#8221; use_theme_fonts=&#8221;yes&#8221;][vc_column_text] Sie bestellen ein Produkt in unserem Webshop. Das\u00a0 geht ganz einfach. Sie zahlen bequem via PayPal oder einer anderen Zahlungsmethode Ihrer Wahl. Wenn Sie vor 11 Uhr bestellen, wird &hellip; Continue reading Wie funktioniert es? &lt;span class=&quot;meta-nav&quot;&gt;&rarr;&lt;\/span&gt;\" \/>\n<meta property=\"og:url\" content=\"https:\/\/webshop.artpred.com\/de\/wie-funktioniert-es\/\" \/>\n<meta property=\"og:site_name\" content=\"webshop.artpred.com\" \/>\n<meta property=\"article:modified_time\" content=\"2020-11-02T16:17:05+00:00\" \/>\n<meta name=\"twitter:card\" content=\"summary_large_image\" \/>\n<meta name=\"twitter:label1\" content=\"Gesch\u00e4tzte Lesezeit\" \/>\n\t<meta name=\"twitter:data1\" content=\"3 Minuten\" \/>\n<script type=\"application\/ld+json\" class=\"yoast-schema-graph\">{\"@context\":\"https:\/\/schema.org\",\"@graph\":[{\"@type\":\"WebPage\",\"@id\":\"https:\/\/webshop.artpred.com\/de\/wie-funktioniert-es\/\",\"url\":\"https:\/\/webshop.artpred.com\/de\/wie-funktioniert-es\/\",\"name\":\"Wie funktioniert es? - webshop.artpred.com\",\"isPartOf\":{\"@id\":\"https:\/\/webshop.artpred.com\/de\/#website\"},\"datePublished\":\"2018-05-16T08:01:39+00:00\",\"dateModified\":\"2020-11-02T16:17:05+00:00\",\"breadcrumb\":{\"@id\":\"https:\/\/webshop.artpred.com\/de\/wie-funktioniert-es\/#breadcrumb\"},\"inLanguage\":\"de-DE\",\"potentialAction\":[{\"@type\":\"ReadAction\",\"target\":[\"https:\/\/webshop.artpred.com\/de\/wie-funktioniert-es\/\"]}]},{\"@type\":\"BreadcrumbList\",\"@id\":\"https:\/\/webshop.artpred.com\/de\/wie-funktioniert-es\/#breadcrumb\",\"itemListElement\":[{\"@type\":\"ListItem\",\"position\":1,\"name\":\"Home\",\"item\":\"https:\/\/webshop.artpred.com\/de\/\"},{\"@type\":\"ListItem\",\"position\":2,\"name\":\"Wie funktioniert es?\"}]},{\"@type\":\"WebSite\",\"@id\":\"https:\/\/webshop.artpred.com\/de\/#website\",\"url\":\"https:\/\/webshop.artpred.com\/de\/\",\"name\":\"webshop.artpred.com\",\"description\":\"ReceptIVFity test zu Hause\",\"potentialAction\":[{\"@type\":\"SearchAction\",\"target\":{\"@type\":\"EntryPoint\",\"urlTemplate\":\"https:\/\/webshop.artpred.com\/de\/?s={search_term_string}\"},\"query-input\":\"required name=search_term_string\"}],\"inLanguage\":\"de-DE\"}]}<\/script>\n<!-- \/ Yoast SEO plugin. -->","yoast_head_json":{"title":"Wie funktioniert es? - webshop.artpred.com","robots":{"index":"index","follow":"follow","max-snippet":"max-snippet:-1","max-image-preview":"max-image-preview:large","max-video-preview":"max-video-preview:-1"},"canonical":"https:\/\/webshop.artpred.com\/de\/wie-funktioniert-es\/","og_locale":"de_DE","og_type":"article","og_title":"Wie funktioniert es? - webshop.artpred.com","og_description":"[vc_row][vc_column][vc_custom_heading text=&#8221;Wie funktioniert der ReceptIVFity Heimtest?&#8221; font_container=&#8221;tag:h1|text_align:center&#8221; use_theme_fonts=&#8221;yes&#8221;][\/vc_column][\/vc_row][vc_row full_width=&#8221;stretch_row&#8221; gap=&#8221;35&#8243; css=&#8221;.vc_custom_1521113131025{padding-top: 30px !important;padding-bottom: 30px !important;background-color: #2ea3f2 !important;}&#8221;][vc_column width=&#8221;1\/4&#8243;][vc_single_image image=&#8221;25416&#8243; img_size=&#8221;300&#215;300&#8243; alignment=&#8221;center&#8221;][\/vc_column][vc_column width=&#8221;3\/4&#8243;][vc_custom_heading text=&#8221;1. Bestellung&#8221; font_container=&#8221;tag:h2|text_align:center|color:%23ffffff&#8221; use_theme_fonts=&#8221;yes&#8221;][vc_column_text] Sie bestellen ein Produkt in unserem Webshop. Das\u00a0 geht ganz einfach. Sie zahlen bequem via PayPal oder einer anderen Zahlungsmethode Ihrer Wahl. Wenn Sie vor 11 Uhr bestellen, wird &hellip; Continue reading Wie funktioniert es? &lt;span class=&quot;meta-nav&quot;&gt;&rarr;&lt;\/span&gt;","og_url":"https:\/\/webshop.artpred.com\/de\/wie-funktioniert-es\/","og_site_name":"webshop.artpred.com","article_modified_time":"2020-11-02T16:17:05+00:00","twitter_card":"summary_large_image","twitter_misc":{"Gesch\u00e4tzte Lesezeit":"3 Minuten"},"schema":{"@context":"https:\/\/schema.org","@graph":[{"@type":"WebPage","@id":"https:\/\/webshop.artpred.com\/de\/wie-funktioniert-es\/","url":"https:\/\/webshop.artpred.com\/de\/wie-funktioniert-es\/","name":"Wie funktioniert es? - webshop.artpred.com","isPartOf":{"@id":"https:\/\/webshop.artpred.com\/de\/#website"},"datePublished":"2018-05-16T08:01:39+00:00","dateModified":"2020-11-02T16:17:05+00:00","breadcrumb":{"@id":"https:\/\/webshop.artpred.com\/de\/wie-funktioniert-es\/#breadcrumb"},"inLanguage":"de-DE","potentialAction":[{"@type":"ReadAction","target":["https:\/\/webshop.artpred.com\/de\/wie-funktioniert-es\/"]}]},{"@type":"BreadcrumbList","@id":"https:\/\/webshop.artpred.com\/de\/wie-funktioniert-es\/#breadcrumb","itemListElement":[{"@type":"ListItem","position":1,"name":"Home","item":"https:\/\/webshop.artpred.com\/de\/"},{"@type":"ListItem","position":2,"name":"Wie funktioniert es?"}]},{"@type":"WebSite","@id":"https:\/\/webshop.artpred.com\/de\/#website","url":"https:\/\/webshop.artpred.com\/de\/","name":"webshop.artpred.com","description":"ReceptIVFity test zu Hause","potentialAction":[{"@type":"SearchAction","target":{"@type":"EntryPoint","urlTemplate":"https:\/\/webshop.artpred.com\/de\/?s={search_term_string}"},"query-input":"required name=search_term_string"}],"inLanguage":"de-DE"}]}},"_links":{"self":[{"href":"https:\/\/webshop.artpred.com\/de\/wp-json\/wp\/v2\/pages\/4626"}],"collection":[{"href":"https:\/\/webshop.artpred.com\/de\/wp-json\/wp\/v2\/pages"}],"about":[{"href":"https:\/\/webshop.artpred.com\/de\/wp-json\/wp\/v2\/types\/page"}],"author":[{"embeddable":true,"href":"https:\/\/webshop.artpred.com\/de\/wp-json\/wp\/v2\/users\/1"}],"replies":[{"embeddable":true,"href":"https:\/\/webshop.artpred.com\/de\/wp-json\/wp\/v2\/comments?post=4626"}],"version-history":[{"count":13,"href":"https:\/\/webshop.artpred.com\/de\/wp-json\/wp\/v2\/pages\/4626\/revisions"}],"predecessor-version":[{"id":25749,"href":"https:\/\/webshop.artpred.com\/de\/wp-json\/wp\/v2\/pages\/4626\/revisions\/25749"}],"wp:attachment":[{"href":"https:\/\/webshop.artpred.com\/de\/wp-json\/wp\/v2\/media?parent=4626"}],"curies":[{"name":"wp","href":"https:\/\/api.w.org\/{rel}","templated":true}]}}