{"id":4625,"date":"2018-05-16T10:01:32","date_gmt":"2018-05-16T08:01:32","guid":{"rendered":"https:\/\/webshop.artpred.com\/?page_id=4625"},"modified":"2020-10-26T15:49:11","modified_gmt":"2020-10-26T14:49:11","slug":"beschwerdeverfahren","status":"publish","type":"page","link":"https:\/\/webshop.artpred.com\/de\/beschwerdeverfahren\/","title":{"rendered":"Beschwerdeverfahren"},"content":{"rendered":"<h1><strong>Beschwerden<\/strong><\/h1>\n<p>Es ist uns wichtig, dass Sie mit unserem Service zufrieden sind. Sollte dies einmal nicht der Fall sein, lassen Sie es uns bitte wissen. Wir bem\u00fchen uns dann, eine passende L\u00f6sung anzubieten.<\/p>\n<p>&nbsp;<\/p>\n<h2><strong>Wie k\u00f6nnen Sie eine Beschwerde einreichen?<\/strong><\/h2>\n<p>Wir empfehlen Ihnen, Ihre Beschwerde schriftlich einzusenden. Dies ist auf zweierlei Manier m\u00f6glich.<\/p>\n<ol>\n<li style=\"list-style-type: none;\">\n<ol>\n<li>Senden Sie einen Brief per Post an Artpred.com, p \/ a Aalsmeerderdijk 158C, 1438 AX Oude Meer, Niederlande<\/li>\n<li>Per E-Mail. Senden Sie Ihre Beschwerde an <a href=\"&#109;&#x61;&#105;&#x6c;&#116;&#x6f;:&#x77;e&#98;&#x73;&#104;&#x6f;&#112;&#x40;a&#x72;t&#112;&#x72;&#101;&#x64;&#46;&#x63;&#111;&#x6d;\" target=\"_blank\" rel=\"noopener noreferrer\">&#119;&#101;&#x62;s&#104;&#x6f;&#x70;&#64;&#97;&#x72;&#x74;p&#114;&#x65;&#x64;&#46;&#99;&#x6f;&#x6d;<\/a><\/li>\n<\/ol>\n<\/li>\n<\/ol>\n<p>&nbsp;<\/p>\n<h2><strong>Wie wird Ihre Beschwerde bearbeitet?<\/strong><\/h2>\n<p>Wir versuchen, jede eingehende Beschwerde innerhalb von maximal 7 Tagen nach Erhalt zu beantworten. Sollte einmal mehr Zeit ben\u00f6tigt werden, werden wir Sie so schnell wie m\u00f6glich informieren; auch dar\u00fcber, wie viel extra Zeit es voraussichtlich bedarf.<\/p>\n<p>&nbsp;<\/p>\n<h2><strong>Stimmen Sie dem Ergebnis nicht zu?<\/strong><\/h2>\n<p>Obwohl wir nat\u00fcrlich hoffen, dass dies niemals der Fall sein wird, kann es vorkommen, dass Sie mit unserem Beschwerdemanagement noch immer nicht zufrieden sind. In einem solchen Fall ist es ratsam, mit einer der folgenden Instanzen Kontakt aufzunehmen:<\/p>\n<ol>\n<li>Geschillencommissie Thuiswinkel<br \/>\nPostbus 90600<br \/>\n2509 LP<br \/>\nDen Haag<br \/>\nwww.sgc.nl<\/li>\n<li>Europ\u00e4ische online Streitbeilegungsstelle\u00a0<em>http:\/\/ec.europa.eu\/consumers\/odr\/<\/em><\/li>\n<\/ol>\n<p>&nbsp;<\/p>\n<p>PS: Wenn Sie Ihre Beschwerde nicht bei (einer) der oben genannten Schlichtungsstellen einreichen k\u00f6nnen oder diese nicht einschalten wollen, k\u00f6nnen Sie Ihre Beschwerde auch direkt bei einem zust\u00e4ndigen Gericht einreichen.<\/p>\n","protected":false},"excerpt":{"rendered":"<p>Beschwerden Es ist uns wichtig, dass Sie mit unserem Service zufrieden sind. Sollte dies einmal nicht der Fall sein, lassen Sie es uns bitte wissen. Wir bem\u00fchen uns dann, eine passende L\u00f6sung anzubieten. &nbsp; Wie k\u00f6nnen Sie eine Beschwerde einreichen? Wir empfehlen Ihnen, Ihre Beschwerde schriftlich einzusenden. Dies ist auf zweierlei Manier m\u00f6glich. Senden Sie &hellip; <a href=\"https:\/\/webshop.artpred.com\/de\/beschwerdeverfahren\/\" class=\"more-link\">Continue reading <span class=\"screen-reader-text\">Beschwerdeverfahren<\/span> &lt;span class=&quot;meta-nav&quot;&gt;&rarr;&lt;\/span&gt;<\/a><\/p>\n","protected":false},"author":1,"featured_media":0,"parent":0,"menu_order":0,"comment_status":"closed","ping_status":"closed","template":"","meta":{"footnotes":""},"acf":[],"yoast_head":"<!-- This site is optimized with the Yoast SEO plugin v23.0 - https:\/\/yoast.com\/wordpress\/plugins\/seo\/ -->\n<title>Beschwerdeverfahren - webshop.artpred.com<\/title>\n<meta name=\"robots\" content=\"index, follow, max-snippet:-1, max-image-preview:large, max-video-preview:-1\" \/>\n<link rel=\"canonical\" href=\"https:\/\/webshop.artpred.com\/de\/beschwerdeverfahren\/\" \/>\n<meta property=\"og:locale\" content=\"de_DE\" \/>\n<meta property=\"og:type\" content=\"article\" \/>\n<meta property=\"og:title\" content=\"Beschwerdeverfahren - webshop.artpred.com\" \/>\n<meta property=\"og:description\" content=\"Beschwerden Es ist uns wichtig, dass Sie mit unserem Service zufrieden sind. Sollte dies einmal nicht der Fall sein, lassen Sie es uns bitte wissen. Wir bem\u00fchen uns dann, eine passende L\u00f6sung anzubieten. &nbsp; Wie k\u00f6nnen Sie eine Beschwerde einreichen? Wir empfehlen Ihnen, Ihre Beschwerde schriftlich einzusenden. Dies ist auf zweierlei Manier m\u00f6glich. Senden Sie &hellip; Continue reading Beschwerdeverfahren &lt;span class=&quot;meta-nav&quot;&gt;&rarr;&lt;\/span&gt;\" \/>\n<meta property=\"og:url\" content=\"https:\/\/webshop.artpred.com\/de\/beschwerdeverfahren\/\" \/>\n<meta property=\"og:site_name\" content=\"webshop.artpred.com\" \/>\n<meta property=\"article:modified_time\" content=\"2020-10-26T14:49:11+00:00\" \/>\n<meta name=\"twitter:card\" content=\"summary_large_image\" \/>\n<meta name=\"twitter:label1\" content=\"Gesch\u00e4tzte Lesezeit\" \/>\n\t<meta name=\"twitter:data1\" content=\"1 Minute\" \/>\n<script type=\"application\/ld+json\" class=\"yoast-schema-graph\">{\"@context\":\"https:\/\/schema.org\",\"@graph\":[{\"@type\":\"WebPage\",\"@id\":\"https:\/\/webshop.artpred.com\/de\/beschwerdeverfahren\/\",\"url\":\"https:\/\/webshop.artpred.com\/de\/beschwerdeverfahren\/\",\"name\":\"Beschwerdeverfahren - webshop.artpred.com\",\"isPartOf\":{\"@id\":\"https:\/\/webshop.artpred.com\/de\/#website\"},\"datePublished\":\"2018-05-16T08:01:32+00:00\",\"dateModified\":\"2020-10-26T14:49:11+00:00\",\"breadcrumb\":{\"@id\":\"https:\/\/webshop.artpred.com\/de\/beschwerdeverfahren\/#breadcrumb\"},\"inLanguage\":\"de-DE\",\"potentialAction\":[{\"@type\":\"ReadAction\",\"target\":[\"https:\/\/webshop.artpred.com\/de\/beschwerdeverfahren\/\"]}]},{\"@type\":\"BreadcrumbList\",\"@id\":\"https:\/\/webshop.artpred.com\/de\/beschwerdeverfahren\/#breadcrumb\",\"itemListElement\":[{\"@type\":\"ListItem\",\"position\":1,\"name\":\"Home\",\"item\":\"https:\/\/webshop.artpred.com\/de\/\"},{\"@type\":\"ListItem\",\"position\":2,\"name\":\"Beschwerdeverfahren\"}]},{\"@type\":\"WebSite\",\"@id\":\"https:\/\/webshop.artpred.com\/de\/#website\",\"url\":\"https:\/\/webshop.artpred.com\/de\/\",\"name\":\"webshop.artpred.com\",\"description\":\"ReceptIVFity test zu Hause\",\"potentialAction\":[{\"@type\":\"SearchAction\",\"target\":{\"@type\":\"EntryPoint\",\"urlTemplate\":\"https:\/\/webshop.artpred.com\/de\/?s={search_term_string}\"},\"query-input\":\"required name=search_term_string\"}],\"inLanguage\":\"de-DE\"}]}<\/script>\n<!-- \/ Yoast SEO plugin. -->","yoast_head_json":{"title":"Beschwerdeverfahren - webshop.artpred.com","robots":{"index":"index","follow":"follow","max-snippet":"max-snippet:-1","max-image-preview":"max-image-preview:large","max-video-preview":"max-video-preview:-1"},"canonical":"https:\/\/webshop.artpred.com\/de\/beschwerdeverfahren\/","og_locale":"de_DE","og_type":"article","og_title":"Beschwerdeverfahren - webshop.artpred.com","og_description":"Beschwerden Es ist uns wichtig, dass Sie mit unserem Service zufrieden sind. Sollte dies einmal nicht der Fall sein, lassen Sie es uns bitte wissen. Wir bem\u00fchen uns dann, eine passende L\u00f6sung anzubieten. &nbsp; Wie k\u00f6nnen Sie eine Beschwerde einreichen? Wir empfehlen Ihnen, Ihre Beschwerde schriftlich einzusenden. Dies ist auf zweierlei Manier m\u00f6glich. Senden Sie &hellip; Continue reading Beschwerdeverfahren &lt;span class=&quot;meta-nav&quot;&gt;&rarr;&lt;\/span&gt;","og_url":"https:\/\/webshop.artpred.com\/de\/beschwerdeverfahren\/","og_site_name":"webshop.artpred.com","article_modified_time":"2020-10-26T14:49:11+00:00","twitter_card":"summary_large_image","twitter_misc":{"Gesch\u00e4tzte Lesezeit":"1 Minute"},"schema":{"@context":"https:\/\/schema.org","@graph":[{"@type":"WebPage","@id":"https:\/\/webshop.artpred.com\/de\/beschwerdeverfahren\/","url":"https:\/\/webshop.artpred.com\/de\/beschwerdeverfahren\/","name":"Beschwerdeverfahren - webshop.artpred.com","isPartOf":{"@id":"https:\/\/webshop.artpred.com\/de\/#website"},"datePublished":"2018-05-16T08:01:32+00:00","dateModified":"2020-10-26T14:49:11+00:00","breadcrumb":{"@id":"https:\/\/webshop.artpred.com\/de\/beschwerdeverfahren\/#breadcrumb"},"inLanguage":"de-DE","potentialAction":[{"@type":"ReadAction","target":["https:\/\/webshop.artpred.com\/de\/beschwerdeverfahren\/"]}]},{"@type":"BreadcrumbList","@id":"https:\/\/webshop.artpred.com\/de\/beschwerdeverfahren\/#breadcrumb","itemListElement":[{"@type":"ListItem","position":1,"name":"Home","item":"https:\/\/webshop.artpred.com\/de\/"},{"@type":"ListItem","position":2,"name":"Beschwerdeverfahren"}]},{"@type":"WebSite","@id":"https:\/\/webshop.artpred.com\/de\/#website","url":"https:\/\/webshop.artpred.com\/de\/","name":"webshop.artpred.com","description":"ReceptIVFity test zu Hause","potentialAction":[{"@type":"SearchAction","target":{"@type":"EntryPoint","urlTemplate":"https:\/\/webshop.artpred.com\/de\/?s={search_term_string}"},"query-input":"required name=search_term_string"}],"inLanguage":"de-DE"}]}},"_links":{"self":[{"href":"https:\/\/webshop.artpred.com\/de\/wp-json\/wp\/v2\/pages\/4625"}],"collection":[{"href":"https:\/\/webshop.artpred.com\/de\/wp-json\/wp\/v2\/pages"}],"about":[{"href":"https:\/\/webshop.artpred.com\/de\/wp-json\/wp\/v2\/types\/page"}],"author":[{"embeddable":true,"href":"https:\/\/webshop.artpred.com\/de\/wp-json\/wp\/v2\/users\/1"}],"replies":[{"embeddable":true,"href":"https:\/\/webshop.artpred.com\/de\/wp-json\/wp\/v2\/comments?post=4625"}],"version-history":[{"count":7,"href":"https:\/\/webshop.artpred.com\/de\/wp-json\/wp\/v2\/pages\/4625\/revisions"}],"predecessor-version":[{"id":25711,"href":"https:\/\/webshop.artpred.com\/de\/wp-json\/wp\/v2\/pages\/4625\/revisions\/25711"}],"wp:attachment":[{"href":"https:\/\/webshop.artpred.com\/de\/wp-json\/wp\/v2\/media?parent=4625"}],"curies":[{"name":"wp","href":"https:\/\/api.w.org\/{rel}","templated":true}]}}