{"id":4615,"date":"2018-05-16T09:59:34","date_gmt":"2018-05-16T08:59:34","guid":{"rendered":"https:\/\/webshop.artpred.com\/?page_id=4615"},"modified":"2020-10-13T18:17:07","modified_gmt":"2020-10-13T16:17:07","slug":"uber-uns","status":"publish","type":"page","link":"https:\/\/webshop.artpred.com\/de\/uber-uns\/","title":{"rendered":"\u00dcber uns"},"content":{"rendered":"<p>[vc_row css=&#8221;.vc_custom_1482919890808{margin-bottom: 60px !important;}&#8221; el_class=&#8221;bin-margin35&#8243;][vc_column][vc_custom_heading text=&#8221;\u00dcber uns&#8221; font_container=&#8221;tag:h1|text_align:center|color:%23363636&#8243; use_theme_fonts=&#8221;yes&#8221;][\/vc_column][\/vc_row][vc_row css=&#8221;.vc_custom_1480301713084{margin-bottom: 40px !important;}&#8221;][vc_column width=&#8221;1\/2&#8243;][vc_single_image image=&#8221;4266&#8243; img_size=&#8221;full&#8221; alignment=&#8221;center&#8221;][\/vc_column][vc_column width=&#8221;1\/2&#8243;][vc_column_text el_class=&#8221;custom-list&#8221;]Wir glauben, dass Fruchtbarkeitstests zug\u00e4nglich sein sollten.<\/p>\n<p>Wir denken, dass dies einfacher und g\u00fcnstiger geht. Deshalb haben wir diesen Webshop eingerichtet. Bei uns k\u00f6nnen Sie dieselben ReceptIVFity-Tests kaufen, die auch die IVF-Kliniken verwenden, aber dann in Form eines Heimtests. Ihre Probe wird in einem spezialisierten Labor analysiert und Sie wissen exakt, wann Sie Ihre Resultate erwarten und online abrufen k\u00f6nnen. Sie erhalten von uns einen ausf\u00fchrlichen Bericht \u00fcber die Ergebnisse. Sie k\u00f6nnen diesen Bericht Ihrem behandelnden Arzt \u00fcbergeben.<\/p>\n<p>F\u00fcr die Test-Analysen arbeiten wir mit einiem zertifizierten Labor zusammen. Hier werden alle Proben von Laborfachkr\u00e4ften analysiert. Also durch echte Menschen, die Ihren Test sachkundig und zuverl\u00e4ssig analysieren.[\/vc_column_text][\/vc_column][\/vc_row]<\/p>\n","protected":false},"excerpt":{"rendered":"<p>[vc_row css=&#8221;.vc_custom_1482919890808{margin-bottom: 60px !important;}&#8221; el_class=&#8221;bin-margin35&#8243;][vc_column][vc_custom_heading text=&#8221;\u00dcber uns&#8221; font_container=&#8221;tag:h1|text_align:center|color:%23363636&#8243; use_theme_fonts=&#8221;yes&#8221;][\/vc_column][\/vc_row][vc_row css=&#8221;.vc_custom_1480301713084{margin-bottom: 40px !important;}&#8221;][vc_column width=&#8221;1\/2&#8243;][vc_single_image image=&#8221;4266&#8243; img_size=&#8221;full&#8221; alignment=&#8221;center&#8221;][\/vc_column][vc_column width=&#8221;1\/2&#8243;][vc_column_text el_class=&#8221;custom-list&#8221;]Wir glauben, dass Fruchtbarkeitstests zug\u00e4nglich sein sollten. Wir denken, dass dies einfacher und g\u00fcnstiger geht. Deshalb haben wir diesen Webshop eingerichtet. Bei uns k\u00f6nnen Sie dieselben ReceptIVFity-Tests kaufen, die auch die IVF-Kliniken verwenden, aber dann in Form eines &hellip; <a href=\"https:\/\/webshop.artpred.com\/de\/uber-uns\/\" class=\"more-link\">Continue reading <span class=\"screen-reader-text\">\u00dcber uns<\/span> &lt;span class=&quot;meta-nav&quot;&gt;&rarr;&lt;\/span&gt;<\/a><\/p>\n","protected":false},"author":1,"featured_media":0,"parent":0,"menu_order":0,"comment_status":"closed","ping_status":"closed","template":"page-templates\/full-width.php","meta":{"footnotes":""},"acf":[],"yoast_head":"<!-- This site is optimized with the Yoast SEO plugin v23.0 - https:\/\/yoast.com\/wordpress\/plugins\/seo\/ -->\n<title>\u00dcber uns - webshop.artpred.com<\/title>\n<meta name=\"robots\" content=\"index, follow, max-snippet:-1, max-image-preview:large, max-video-preview:-1\" \/>\n<link rel=\"canonical\" href=\"https:\/\/webshop.artpred.com\/de\/uber-uns\/\" \/>\n<meta property=\"og:locale\" content=\"de_DE\" \/>\n<meta property=\"og:type\" content=\"article\" \/>\n<meta property=\"og:title\" content=\"\u00dcber uns - webshop.artpred.com\" \/>\n<meta property=\"og:description\" content=\"[vc_row css=&#8221;.vc_custom_1482919890808{margin-bottom: 60px !important;}&#8221; el_class=&#8221;bin-margin35&#8243;][vc_column][vc_custom_heading text=&#8221;\u00dcber uns&#8221; font_container=&#8221;tag:h1|text_align:center|color:%23363636&#8243; use_theme_fonts=&#8221;yes&#8221;][\/vc_column][\/vc_row][vc_row css=&#8221;.vc_custom_1480301713084{margin-bottom: 40px !important;}&#8221;][vc_column width=&#8221;1\/2&#8243;][vc_single_image image=&#8221;4266&#8243; img_size=&#8221;full&#8221; alignment=&#8221;center&#8221;][\/vc_column][vc_column width=&#8221;1\/2&#8243;][vc_column_text el_class=&#8221;custom-list&#8221;]Wir glauben, dass Fruchtbarkeitstests zug\u00e4nglich sein sollten. Wir denken, dass dies einfacher und g\u00fcnstiger geht. Deshalb haben wir diesen Webshop eingerichtet. Bei uns k\u00f6nnen Sie dieselben ReceptIVFity-Tests kaufen, die auch die IVF-Kliniken verwenden, aber dann in Form eines &hellip; Continue reading \u00dcber uns &lt;span class=&quot;meta-nav&quot;&gt;&rarr;&lt;\/span&gt;\" \/>\n<meta property=\"og:url\" content=\"https:\/\/webshop.artpred.com\/de\/uber-uns\/\" \/>\n<meta property=\"og:site_name\" content=\"webshop.artpred.com\" \/>\n<meta property=\"article:modified_time\" content=\"2020-10-13T16:17:07+00:00\" \/>\n<meta name=\"twitter:card\" content=\"summary_large_image\" \/>\n<meta name=\"twitter:label1\" content=\"Gesch\u00e4tzte Lesezeit\" \/>\n\t<meta name=\"twitter:data1\" content=\"1 Minute\" \/>\n<script type=\"application\/ld+json\" class=\"yoast-schema-graph\">{\"@context\":\"https:\/\/schema.org\",\"@graph\":[{\"@type\":\"WebPage\",\"@id\":\"https:\/\/webshop.artpred.com\/de\/uber-uns\/\",\"url\":\"https:\/\/webshop.artpred.com\/de\/uber-uns\/\",\"name\":\"\u00dcber uns - webshop.artpred.com\",\"isPartOf\":{\"@id\":\"https:\/\/webshop.artpred.com\/de\/#website\"},\"datePublished\":\"2018-05-16T08:59:34+00:00\",\"dateModified\":\"2020-10-13T16:17:07+00:00\",\"breadcrumb\":{\"@id\":\"https:\/\/webshop.artpred.com\/de\/uber-uns\/#breadcrumb\"},\"inLanguage\":\"de-DE\",\"potentialAction\":[{\"@type\":\"ReadAction\",\"target\":[\"https:\/\/webshop.artpred.com\/de\/uber-uns\/\"]}]},{\"@type\":\"BreadcrumbList\",\"@id\":\"https:\/\/webshop.artpred.com\/de\/uber-uns\/#breadcrumb\",\"itemListElement\":[{\"@type\":\"ListItem\",\"position\":1,\"name\":\"Home\",\"item\":\"https:\/\/webshop.artpred.com\/de\/\"},{\"@type\":\"ListItem\",\"position\":2,\"name\":\"\u00dcber uns\"}]},{\"@type\":\"WebSite\",\"@id\":\"https:\/\/webshop.artpred.com\/de\/#website\",\"url\":\"https:\/\/webshop.artpred.com\/de\/\",\"name\":\"webshop.artpred.com\",\"description\":\"ReceptIVFity test zu Hause\",\"potentialAction\":[{\"@type\":\"SearchAction\",\"target\":{\"@type\":\"EntryPoint\",\"urlTemplate\":\"https:\/\/webshop.artpred.com\/de\/?s={search_term_string}\"},\"query-input\":\"required name=search_term_string\"}],\"inLanguage\":\"de-DE\"}]}<\/script>\n<!-- \/ Yoast SEO plugin. -->","yoast_head_json":{"title":"\u00dcber uns - webshop.artpred.com","robots":{"index":"index","follow":"follow","max-snippet":"max-snippet:-1","max-image-preview":"max-image-preview:large","max-video-preview":"max-video-preview:-1"},"canonical":"https:\/\/webshop.artpred.com\/de\/uber-uns\/","og_locale":"de_DE","og_type":"article","og_title":"\u00dcber uns - webshop.artpred.com","og_description":"[vc_row css=&#8221;.vc_custom_1482919890808{margin-bottom: 60px !important;}&#8221; el_class=&#8221;bin-margin35&#8243;][vc_column][vc_custom_heading text=&#8221;\u00dcber uns&#8221; font_container=&#8221;tag:h1|text_align:center|color:%23363636&#8243; use_theme_fonts=&#8221;yes&#8221;][\/vc_column][\/vc_row][vc_row css=&#8221;.vc_custom_1480301713084{margin-bottom: 40px !important;}&#8221;][vc_column width=&#8221;1\/2&#8243;][vc_single_image image=&#8221;4266&#8243; img_size=&#8221;full&#8221; alignment=&#8221;center&#8221;][\/vc_column][vc_column width=&#8221;1\/2&#8243;][vc_column_text el_class=&#8221;custom-list&#8221;]Wir glauben, dass Fruchtbarkeitstests zug\u00e4nglich sein sollten. Wir denken, dass dies einfacher und g\u00fcnstiger geht. Deshalb haben wir diesen Webshop eingerichtet. Bei uns k\u00f6nnen Sie dieselben ReceptIVFity-Tests kaufen, die auch die IVF-Kliniken verwenden, aber dann in Form eines &hellip; Continue reading \u00dcber uns &lt;span class=&quot;meta-nav&quot;&gt;&rarr;&lt;\/span&gt;","og_url":"https:\/\/webshop.artpred.com\/de\/uber-uns\/","og_site_name":"webshop.artpred.com","article_modified_time":"2020-10-13T16:17:07+00:00","twitter_card":"summary_large_image","twitter_misc":{"Gesch\u00e4tzte Lesezeit":"1 Minute"},"schema":{"@context":"https:\/\/schema.org","@graph":[{"@type":"WebPage","@id":"https:\/\/webshop.artpred.com\/de\/uber-uns\/","url":"https:\/\/webshop.artpred.com\/de\/uber-uns\/","name":"\u00dcber uns - webshop.artpred.com","isPartOf":{"@id":"https:\/\/webshop.artpred.com\/de\/#website"},"datePublished":"2018-05-16T08:59:34+00:00","dateModified":"2020-10-13T16:17:07+00:00","breadcrumb":{"@id":"https:\/\/webshop.artpred.com\/de\/uber-uns\/#breadcrumb"},"inLanguage":"de-DE","potentialAction":[{"@type":"ReadAction","target":["https:\/\/webshop.artpred.com\/de\/uber-uns\/"]}]},{"@type":"BreadcrumbList","@id":"https:\/\/webshop.artpred.com\/de\/uber-uns\/#breadcrumb","itemListElement":[{"@type":"ListItem","position":1,"name":"Home","item":"https:\/\/webshop.artpred.com\/de\/"},{"@type":"ListItem","position":2,"name":"\u00dcber uns"}]},{"@type":"WebSite","@id":"https:\/\/webshop.artpred.com\/de\/#website","url":"https:\/\/webshop.artpred.com\/de\/","name":"webshop.artpred.com","description":"ReceptIVFity test zu Hause","potentialAction":[{"@type":"SearchAction","target":{"@type":"EntryPoint","urlTemplate":"https:\/\/webshop.artpred.com\/de\/?s={search_term_string}"},"query-input":"required name=search_term_string"}],"inLanguage":"de-DE"}]}},"_links":{"self":[{"href":"https:\/\/webshop.artpred.com\/de\/wp-json\/wp\/v2\/pages\/4615"}],"collection":[{"href":"https:\/\/webshop.artpred.com\/de\/wp-json\/wp\/v2\/pages"}],"about":[{"href":"https:\/\/webshop.artpred.com\/de\/wp-json\/wp\/v2\/types\/page"}],"author":[{"embeddable":true,"href":"https:\/\/webshop.artpred.com\/de\/wp-json\/wp\/v2\/users\/1"}],"replies":[{"embeddable":true,"href":"https:\/\/webshop.artpred.com\/de\/wp-json\/wp\/v2\/comments?post=4615"}],"version-history":[{"count":8,"href":"https:\/\/webshop.artpred.com\/de\/wp-json\/wp\/v2\/pages\/4615\/revisions"}],"predecessor-version":[{"id":25663,"href":"https:\/\/webshop.artpred.com\/de\/wp-json\/wp\/v2\/pages\/4615\/revisions\/25663"}],"wp:attachment":[{"href":"https:\/\/webshop.artpred.com\/de\/wp-json\/wp\/v2\/media?parent=4615"}],"curies":[{"name":"wp","href":"https:\/\/api.w.org\/{rel}","templated":true}]}}