{"id":4613,"date":"2018-05-16T09:59:04","date_gmt":"2018-05-16T07:59:04","guid":{"rendered":"https:\/\/webshop.artpred.com\/?page_id=4613"},"modified":"2020-10-11T18:19:51","modified_gmt":"2020-10-11T16:19:51","slug":"datenschutz-und-cookies","status":"publish","type":"page","link":"https:\/\/webshop.artpred.com\/de\/datenschutz-und-cookies\/","title":{"rendered":"Datenschutz und Cookies"},"content":{"rendered":"<h1>Datenschutz und Cookies<\/h1>\n<p>Artpred.com verarbeitet, verwaltet und sch\u00fctzt Ihre pers\u00f6nlichen Daten mit gr\u00f6\u00dfter Sorgfalt. Wir erf\u00fcllen damit die Anforderungen, die das Datenschutzgesetz an uns stellt.<\/p>\n<h2>Geltungsbereich dieser Datenschutzerkl\u00e4rung<\/h2>\n<p>Diese Datenschutzerkl\u00e4rung gilt f\u00fcr die personenbezogenen Daten, die durch Ihren Besuch auf der Website von Artpred.com entstehen. Durch die Nutzung dieser Website stimmen Sie unseren Datenschutzbestimmungen zu.<\/p>\n<h2>Pers\u00f6nliche Informationen<\/h2>\n<p>F\u00fcr unsere Dienste zeichnet Artpred.com Ihre Daten mit Ihrer Erlaubnis in einer oder mehreren Dateien auf. Artpred.com kann \u00fcber die Webseite personenbezogene Daten zu folgenden Zwecken sammeln: Senden von Bestellungen \u00fcber unseren Webshop. Wir erheben allein die minimal erforderlichen personenbezogenen Daten und nicht mehr.<\/p>\n<h2>Webstatistiken und Cookies<\/h2>\n<p>Artpred.com misst unter anderem das Ausma\u00df, in dem die Webseite besucht wird und das Klickverhalten darauf. Dabei werden allgemeine Daten von Besuchern gespeichert, ohne dass nachvollzogen werden kann, wer genau auf was klickt. Bei den erhobenen Daten handelt es sich um Daten wie die am h\u00e4ufigsten besuchten Seiten und die Art des Webbrowsers, mit dem die Website besucht wird. Basierend auf diesen Statistiken verbessern wir unsere Webseite und Benutzererfahrung. Diese Daten werden durch das Setzen von Cookies auf Ihrem Computer erfasst. Wenn Sie sich bei Ihrem Konto einloggen, wird auch ein Cookie auf Ihrem Computer abgelegt. Dies dient dazu, Sie (oder Ihren Computer) zu erkennen, solange Sie angemeldet sind, damit Sie nicht sofort wieder abgemeldet werden. Sobald Sie sich ausloggen, wird dieses Cookie sofort gel\u00f6scht.<\/p>\n<h2>Weitergabe von Daten an Dritte<\/h2>\n<p>Personenbezogene Daten werden niemals an Unternehmen und Institutionen au\u00dferhalb von Artpred.com weitergegeben, es sei denn, wir tun dies im Rahmen der gesetzlichen Verpflichtungen, sofern dies nicht mit dem Zweck unvereinbar ist, f\u00fcr den die Daten erhoben wurden.<\/p>\n<h2>Seiten, die mit Artpred.com verlinkt sind<\/h2>\n<p>Unsere Website enth\u00e4lt Links zu Webseiten, die nicht von uns oder in unserem Auftrag entwickelt wurden. Aus diesem Grund \u00fcbernehmen wir keine Haftung f\u00fcr den Inhalt dieser Webseiten oder den Umgang dieser Webseiten mit Ihren personenbezogenen Daten.<\/p>\n<h2><strong>Datensicherheit<\/strong><\/h2>\n<p>Artpred.com stellt sicher, dass Ihre pers\u00f6nlichen Daten sicher sind, indem nur verschl\u00fcsselte Verbindungen verwendet werden. Unsere Datenbank und Passw\u00f6rter sind alle verschl\u00fcsselt.<\/p>\n<h2><strong>Aufbewahrungsfrist<\/strong><\/h2>\n<p>Artpred.com bewahrt Ihre pers\u00f6nlichen Daten so lange auf, wie sie f\u00fcr den Zweck oder damit nicht unvereinbare Zwecke, f\u00fcr die wir Ihre Daten gesammelt haben, aktuell sind. Nach diesem Zeitraum werden Ihre pers\u00f6nlichen Daten im Rahmen unserer periodisch durchgef\u00fchrten Datenbereinigungen gel\u00f6scht.<\/p>\n","protected":false},"excerpt":{"rendered":"<p>Datenschutz und Cookies Artpred.com verarbeitet, verwaltet und sch\u00fctzt Ihre pers\u00f6nlichen Daten mit gr\u00f6\u00dfter Sorgfalt. Wir erf\u00fcllen damit die Anforderungen, die das Datenschutzgesetz an uns stellt. Geltungsbereich dieser Datenschutzerkl\u00e4rung Diese Datenschutzerkl\u00e4rung gilt f\u00fcr die personenbezogenen Daten, die durch Ihren Besuch auf der Website von Artpred.com entstehen. Durch die Nutzung dieser Website stimmen Sie unseren Datenschutzbestimmungen zu. &hellip; <a href=\"https:\/\/webshop.artpred.com\/de\/datenschutz-und-cookies\/\" class=\"more-link\">Continue reading <span class=\"screen-reader-text\">Datenschutz und Cookies<\/span> &lt;span class=&quot;meta-nav&quot;&gt;&rarr;&lt;\/span&gt;<\/a><\/p>\n","protected":false},"author":1,"featured_media":0,"parent":0,"menu_order":0,"comment_status":"closed","ping_status":"closed","template":"","meta":{"footnotes":""},"acf":[],"yoast_head":"<!-- This site is optimized with the Yoast SEO plugin v23.0 - https:\/\/yoast.com\/wordpress\/plugins\/seo\/ -->\n<title>Datenschutz und Cookies - webshop.artpred.com<\/title>\n<meta name=\"robots\" content=\"index, follow, max-snippet:-1, max-image-preview:large, max-video-preview:-1\" \/>\n<link rel=\"canonical\" href=\"https:\/\/webshop.artpred.com\/de\/datenschutz-und-cookies\/\" \/>\n<meta property=\"og:locale\" content=\"de_DE\" \/>\n<meta property=\"og:type\" content=\"article\" \/>\n<meta property=\"og:title\" content=\"Datenschutz und Cookies - webshop.artpred.com\" \/>\n<meta property=\"og:description\" content=\"Datenschutz und Cookies Artpred.com verarbeitet, verwaltet und sch\u00fctzt Ihre pers\u00f6nlichen Daten mit gr\u00f6\u00dfter Sorgfalt. Wir erf\u00fcllen damit die Anforderungen, die das Datenschutzgesetz an uns stellt. Geltungsbereich dieser Datenschutzerkl\u00e4rung Diese Datenschutzerkl\u00e4rung gilt f\u00fcr die personenbezogenen Daten, die durch Ihren Besuch auf der Website von Artpred.com entstehen. Durch die Nutzung dieser Website stimmen Sie unseren Datenschutzbestimmungen zu. &hellip; Continue reading Datenschutz und Cookies &lt;span class=&quot;meta-nav&quot;&gt;&rarr;&lt;\/span&gt;\" \/>\n<meta property=\"og:url\" content=\"https:\/\/webshop.artpred.com\/de\/datenschutz-und-cookies\/\" \/>\n<meta property=\"og:site_name\" content=\"webshop.artpred.com\" \/>\n<meta property=\"article:modified_time\" content=\"2020-10-11T16:19:51+00:00\" \/>\n<meta name=\"twitter:card\" content=\"summary_large_image\" \/>\n<meta name=\"twitter:label1\" content=\"Gesch\u00e4tzte Lesezeit\" \/>\n\t<meta name=\"twitter:data1\" content=\"2 Minuten\" \/>\n<script type=\"application\/ld+json\" class=\"yoast-schema-graph\">{\"@context\":\"https:\/\/schema.org\",\"@graph\":[{\"@type\":\"WebPage\",\"@id\":\"https:\/\/webshop.artpred.com\/de\/datenschutz-und-cookies\/\",\"url\":\"https:\/\/webshop.artpred.com\/de\/datenschutz-und-cookies\/\",\"name\":\"Datenschutz und Cookies - webshop.artpred.com\",\"isPartOf\":{\"@id\":\"https:\/\/webshop.artpred.com\/de\/#website\"},\"datePublished\":\"2018-05-16T07:59:04+00:00\",\"dateModified\":\"2020-10-11T16:19:51+00:00\",\"breadcrumb\":{\"@id\":\"https:\/\/webshop.artpred.com\/de\/datenschutz-und-cookies\/#breadcrumb\"},\"inLanguage\":\"de-DE\",\"potentialAction\":[{\"@type\":\"ReadAction\",\"target\":[\"https:\/\/webshop.artpred.com\/de\/datenschutz-und-cookies\/\"]}]},{\"@type\":\"BreadcrumbList\",\"@id\":\"https:\/\/webshop.artpred.com\/de\/datenschutz-und-cookies\/#breadcrumb\",\"itemListElement\":[{\"@type\":\"ListItem\",\"position\":1,\"name\":\"Home\",\"item\":\"https:\/\/webshop.artpred.com\/de\/\"},{\"@type\":\"ListItem\",\"position\":2,\"name\":\"Datenschutz und Cookies\"}]},{\"@type\":\"WebSite\",\"@id\":\"https:\/\/webshop.artpred.com\/de\/#website\",\"url\":\"https:\/\/webshop.artpred.com\/de\/\",\"name\":\"webshop.artpred.com\",\"description\":\"ReceptIVFity test zu Hause\",\"potentialAction\":[{\"@type\":\"SearchAction\",\"target\":{\"@type\":\"EntryPoint\",\"urlTemplate\":\"https:\/\/webshop.artpred.com\/de\/?s={search_term_string}\"},\"query-input\":\"required name=search_term_string\"}],\"inLanguage\":\"de-DE\"}]}<\/script>\n<!-- \/ Yoast SEO plugin. -->","yoast_head_json":{"title":"Datenschutz und Cookies - webshop.artpred.com","robots":{"index":"index","follow":"follow","max-snippet":"max-snippet:-1","max-image-preview":"max-image-preview:large","max-video-preview":"max-video-preview:-1"},"canonical":"https:\/\/webshop.artpred.com\/de\/datenschutz-und-cookies\/","og_locale":"de_DE","og_type":"article","og_title":"Datenschutz und Cookies - webshop.artpred.com","og_description":"Datenschutz und Cookies Artpred.com verarbeitet, verwaltet und sch\u00fctzt Ihre pers\u00f6nlichen Daten mit gr\u00f6\u00dfter Sorgfalt. Wir erf\u00fcllen damit die Anforderungen, die das Datenschutzgesetz an uns stellt. Geltungsbereich dieser Datenschutzerkl\u00e4rung Diese Datenschutzerkl\u00e4rung gilt f\u00fcr die personenbezogenen Daten, die durch Ihren Besuch auf der Website von Artpred.com entstehen. Durch die Nutzung dieser Website stimmen Sie unseren Datenschutzbestimmungen zu. &hellip; Continue reading Datenschutz und Cookies &lt;span class=&quot;meta-nav&quot;&gt;&rarr;&lt;\/span&gt;","og_url":"https:\/\/webshop.artpred.com\/de\/datenschutz-und-cookies\/","og_site_name":"webshop.artpred.com","article_modified_time":"2020-10-11T16:19:51+00:00","twitter_card":"summary_large_image","twitter_misc":{"Gesch\u00e4tzte Lesezeit":"2 Minuten"},"schema":{"@context":"https:\/\/schema.org","@graph":[{"@type":"WebPage","@id":"https:\/\/webshop.artpred.com\/de\/datenschutz-und-cookies\/","url":"https:\/\/webshop.artpred.com\/de\/datenschutz-und-cookies\/","name":"Datenschutz und Cookies - webshop.artpred.com","isPartOf":{"@id":"https:\/\/webshop.artpred.com\/de\/#website"},"datePublished":"2018-05-16T07:59:04+00:00","dateModified":"2020-10-11T16:19:51+00:00","breadcrumb":{"@id":"https:\/\/webshop.artpred.com\/de\/datenschutz-und-cookies\/#breadcrumb"},"inLanguage":"de-DE","potentialAction":[{"@type":"ReadAction","target":["https:\/\/webshop.artpred.com\/de\/datenschutz-und-cookies\/"]}]},{"@type":"BreadcrumbList","@id":"https:\/\/webshop.artpred.com\/de\/datenschutz-und-cookies\/#breadcrumb","itemListElement":[{"@type":"ListItem","position":1,"name":"Home","item":"https:\/\/webshop.artpred.com\/de\/"},{"@type":"ListItem","position":2,"name":"Datenschutz und Cookies"}]},{"@type":"WebSite","@id":"https:\/\/webshop.artpred.com\/de\/#website","url":"https:\/\/webshop.artpred.com\/de\/","name":"webshop.artpred.com","description":"ReceptIVFity test zu Hause","potentialAction":[{"@type":"SearchAction","target":{"@type":"EntryPoint","urlTemplate":"https:\/\/webshop.artpred.com\/de\/?s={search_term_string}"},"query-input":"required name=search_term_string"}],"inLanguage":"de-DE"}]}},"_links":{"self":[{"href":"https:\/\/webshop.artpred.com\/de\/wp-json\/wp\/v2\/pages\/4613"}],"collection":[{"href":"https:\/\/webshop.artpred.com\/de\/wp-json\/wp\/v2\/pages"}],"about":[{"href":"https:\/\/webshop.artpred.com\/de\/wp-json\/wp\/v2\/types\/page"}],"author":[{"embeddable":true,"href":"https:\/\/webshop.artpred.com\/de\/wp-json\/wp\/v2\/users\/1"}],"replies":[{"embeddable":true,"href":"https:\/\/webshop.artpred.com\/de\/wp-json\/wp\/v2\/comments?post=4613"}],"version-history":[{"count":7,"href":"https:\/\/webshop.artpred.com\/de\/wp-json\/wp\/v2\/pages\/4613\/revisions"}],"predecessor-version":[{"id":25660,"href":"https:\/\/webshop.artpred.com\/de\/wp-json\/wp\/v2\/pages\/4613\/revisions\/25660"}],"wp:attachment":[{"href":"https:\/\/webshop.artpred.com\/de\/wp-json\/wp\/v2\/media?parent=4613"}],"curies":[{"name":"wp","href":"https:\/\/api.w.org\/{rel}","templated":true}]}}