{"id":4161,"date":"2018-01-07T20:18:02","date_gmt":"2018-01-07T19:18:02","guid":{"rendered":"https:\/\/webshop.artpred.com\/?page_id=4161"},"modified":"2020-12-17T14:22:05","modified_gmt":"2020-12-17T13:22:05","slug":"home","status":"publish","type":"page","link":"https:\/\/webshop.artpred.com\/de\/","title":{"rendered":"Home"},"content":{"rendered":"<p>[vc_section][vc_row][vc_column][vc_custom_heading text=&#8221;ReceptIVFity test zu Hause&#8221; font_container=&#8221;tag:h2|font_size:42px|text_align:center&#8221; use_theme_fonts=&#8221;yes&#8221;][vc_empty_space][\/vc_column][\/vc_row][\/vc_section][vc_section][vc_row][vc_column][vc_column_text]<\/p>\n<p style=\"text-align: center;\">ReceptIVFity bietet Ihnen bessere Einsicht in Ihren Chancen.<br \/>\nGehen Sie direkt zum <a href=\"https:\/\/webshop.artpred.com\/de\/webshop\/\">Webshop<\/a>, oder lesen Sie weiter unten, wie es funktioniert.<\/p>\n<p style=\"text-align: center;\">Es ist wichtig, im Voraus mit Ihrem Arzt zu besprechen, wann es am besten ist, den ReceptIVFity-Test durchzuf\u00fchren. Die Ergebnisse sind nur f\u00fcr kurze Zeit g\u00fcltig. Dar\u00fcber hinaus kann es Ihre Entscheidungen innerhalb Ihrer Behandlung beeinflussen.<br \/>\nWenn Sie mehr \u00fcber den Test selbst erfahren m\u00f6chten, besuchen Sie <a href=\"http:\/\/receptivfity.com\" target=\"_blank\" rel=\"noopener noreferrer\">receptIVFity.com<\/a>.<\/p>\n<p>[\/vc_column_text][vc_btn title=&#8221;Patientenbrosch\u00fcre&#8221; style=&#8221;outline&#8221; shape=&#8221;square&#8221; color=&#8221;white&#8221; size=&#8221;lg&#8221; align=&#8221;center&#8221; css=&#8221;.vc_custom_1608211320092{padding-bottom: 20px !important;}&#8221; link=&#8221;url:https%3A%2F%2Fwebshop.artpred.com%2Fwp-content%2Fuploads%2F2020%2F12%2FReceptIVFity_2018_Patientenfolder_DU.pdf|title:Wie%20funktioniert%20es%3F||&#8221;][vc_single_image image=&#8221;25740&#8243; img_size=&#8221;medium&#8221; alignment=&#8221;center&#8221;][\/vc_column][\/vc_row][\/vc_section][vc_row full_width=&#8221;stretch_row&#8221; css=&#8221;.vc_custom_1520253314425{background-color: #2ea3f2 !important;}&#8221;][vc_column][vc_custom_heading text=&#8221;Wir halten es einfach&#8221; font_container=&#8221;tag:h2|font_size:42px|text_align:center|color:%23ffffff&#8221; use_theme_fonts=&#8221;yes&#8221;][\/vc_column][\/vc_row][vc_row full_width=&#8221;stretch_row&#8221; gap=&#8221;35&#8243; css=&#8221;.vc_custom_1608211262190{padding-top: 20px !important;padding-bottom: 0px !important;background-color: #2ea3f2 !important;}&#8221;][vc_column width=&#8221;1\/4&#8243;][vc_single_image image=&#8221;25414&#8243; img_size=&#8221;medium&#8221; alignment=&#8221;center&#8221;][vc_column_text]<\/p>\n<h4 style=\"text-align: center;\"><span style=\"color: #ffffff;\">1. Bestellen Sie den Test im Webshop<\/span><\/h4>\n<p>[\/vc_column_text][\/vc_column][vc_column width=&#8221;1\/4&#8243;][vc_single_image image=&#8221;25417&#8243; img_size=&#8221;medium&#8221; alignment=&#8221;center&#8221;][vc_column_text]<\/p>\n<h4 style=\"text-align: center;\"><span style=\"color: #ffffff;\">2. Machen Sie den Test zu Hause<\/span><\/h4>\n<p>[\/vc_column_text][\/vc_column][vc_column width=&#8221;1\/4&#8243;][vc_single_image image=&#8221;25420&#8243; img_size=&#8221;medium&#8221; alignment=&#8221;center&#8221;][vc_column_text]<\/p>\n<h4 style=\"text-align: center;\"><span style=\"color: #ffffff;\">3. Senden Sie den Test ein<\/span><\/h4>\n<p>[\/vc_column_text][\/vc_column][vc_column width=&#8221;1\/4&#8243;][vc_single_image image=&#8221;25423&#8243; img_size=&#8221;medium&#8221; alignment=&#8221;center&#8221;][vc_column_text]<\/p>\n<h4 style=\"text-align: center;\"><span style=\"color: #ffffff;\">4. Rufen Sie Ihre Testergebnisse online ab<\/span><\/h4>\n<p>[\/vc_column_text][\/vc_column][\/vc_row][vc_row full_width=&#8221;stretch_row&#8221; css=&#8221;.vc_custom_1520253511030{background-color: #2ea3f2 !important;}&#8221;][vc_column][vc_btn title=&#8221;Mehr Informationen&#8221; style=&#8221;outline&#8221; shape=&#8221;square&#8221; color=&#8221;white&#8221; size=&#8221;lg&#8221; align=&#8221;center&#8221; css=&#8221;.vc_custom_1602421753221{padding-bottom: 20px !important;}&#8221; link=&#8221;url:https%3A%2F%2Fwebshop.artpred.com%2Fde%2Fwie-funktioniert-es%2F|title:Wie%20funktioniert%20es%3F||&#8221;][\/vc_column][\/vc_row][vc_row full_width=&#8221;stretch_row&#8221;][vc_column][vc_custom_heading text=&#8221;Zuverl\u00e4ssigen Tests&#8221; font_container=&#8221;tag:h2|font_size:42px|text_align:center&#8221; use_theme_fonts=&#8221;yes&#8221;][vc_column_text]<\/p>\n<p style=\"text-align: center;\">Wir halten es f\u00fcr wichtig, dass unser Test nicht nur zug\u00e4nglich, sondern auch so zuverl\u00e4ssig wie m\u00f6glich ist. Dies bedeutet, dass Sie den Test zu Hause durchf\u00fchren, ein spezialisiertes Labor Ihren Test jedoch analysiert.<\/p>\n<p style=\"text-align: center;\">Es ist wichtig, im Voraus mit Ihrem Arzt zu besprechen, wann es am besten ist, den ReceptIVFity-Test durchzuf\u00fchren. Die Ergebnisse sind nur f\u00fcr kurze Zeit g\u00fcltig. Dar\u00fcber hinaus kann es Ihre Entscheidungen innerhalb Ihrer Behandlung beeinflussen.<\/p>\n<p style=\"text-align: center;\">Wenn Sie mehr \u00fcber den Test selbst erfahren m\u00f6chten, besuchen Sie <a href=\"http:\/\/receptivfity.com\" target=\"_blank\" rel=\"noopener noreferrer\">receptIVFity.com<\/a>.<\/p>\n<p>[\/vc_column_text][\/vc_column][\/vc_row][vc_row][vc_column][\/vc_column][\/vc_row]<\/p>\n","protected":false},"excerpt":{"rendered":"<p>[vc_section][vc_row][vc_column][vc_custom_heading text=&#8221;ReceptIVFity test zu Hause&#8221; font_container=&#8221;tag:h2|font_size:42px|text_align:center&#8221; use_theme_fonts=&#8221;yes&#8221;][vc_empty_space][\/vc_column][\/vc_row][\/vc_section][vc_section][vc_row][vc_column][vc_column_text] ReceptIVFity bietet Ihnen bessere Einsicht in Ihren Chancen. Gehen Sie direkt zum Webshop, oder lesen Sie weiter unten, wie es funktioniert. Es ist wichtig, im Voraus mit Ihrem Arzt zu besprechen, wann es am besten ist, den ReceptIVFity-Test durchzuf\u00fchren. Die Ergebnisse sind nur f\u00fcr kurze Zeit g\u00fcltig. Dar\u00fcber &hellip; <a href=\"https:\/\/webshop.artpred.com\/de\/\" class=\"more-link\">Continue reading <span class=\"screen-reader-text\">Home<\/span> &lt;span class=&quot;meta-nav&quot;&gt;&rarr;&lt;\/span&gt;<\/a><\/p>\n","protected":false},"author":1,"featured_media":0,"parent":0,"menu_order":0,"comment_status":"closed","ping_status":"closed","template":"page-templates\/front-page.php","meta":{"footnotes":""},"acf":[],"yoast_head":"<!-- This site is optimized with the Yoast SEO plugin v23.0 - https:\/\/yoast.com\/wordpress\/plugins\/seo\/ -->\n<title>ReceptIVFity heimtest | besseren Einsicht in Ihren Chancen<\/title>\n<meta name=\"description\" content=\"ReceptIVFity Heimtest bestellen, zu Hause verwenden. Nehmen Sie den Test zu Hause und senden die Probe zur Analyse an das Labor.\" \/>\n<meta name=\"robots\" content=\"index, follow, max-snippet:-1, max-image-preview:large, max-video-preview:-1\" \/>\n<link rel=\"canonical\" href=\"https:\/\/webshop.artpred.com\/de\/\" \/>\n<meta property=\"og:locale\" content=\"de_DE\" \/>\n<meta property=\"og:type\" content=\"article\" \/>\n<meta property=\"og:title\" content=\"ReceptIVFity heimtest | besseren Einsicht in Ihren Chancen\" \/>\n<meta property=\"og:description\" content=\"ReceptIVFity Heimtest bestellen, zu Hause verwenden. Nehmen Sie den Test zu Hause und senden die Probe zur Analyse an das Labor.\" \/>\n<meta property=\"og:url\" content=\"https:\/\/webshop.artpred.com\/de\/\" \/>\n<meta property=\"og:site_name\" content=\"webshop.artpred.com\" \/>\n<meta property=\"article:modified_time\" content=\"2020-12-17T13:22:05+00:00\" \/>\n<meta name=\"twitter:card\" content=\"summary_large_image\" \/>\n<meta name=\"twitter:label1\" content=\"Gesch\u00e4tzte Lesezeit\" \/>\n\t<meta name=\"twitter:data1\" content=\"3 Minuten\" \/>\n<script type=\"application\/ld+json\" class=\"yoast-schema-graph\">{\"@context\":\"https:\/\/schema.org\",\"@graph\":[{\"@type\":\"WebPage\",\"@id\":\"https:\/\/webshop.artpred.com\/de\/\",\"url\":\"https:\/\/webshop.artpred.com\/de\/\",\"name\":\"ReceptIVFity heimtest | besseren Einsicht in Ihren Chancen\",\"isPartOf\":{\"@id\":\"https:\/\/webshop.artpred.com\/de\/#website\"},\"datePublished\":\"2018-01-07T19:18:02+00:00\",\"dateModified\":\"2020-12-17T13:22:05+00:00\",\"description\":\"ReceptIVFity Heimtest bestellen, zu Hause verwenden. Nehmen Sie den Test zu Hause und senden die Probe zur Analyse an das Labor.\",\"breadcrumb\":{\"@id\":\"https:\/\/webshop.artpred.com\/de\/#breadcrumb\"},\"inLanguage\":\"de-DE\",\"potentialAction\":[{\"@type\":\"ReadAction\",\"target\":[\"https:\/\/webshop.artpred.com\/de\/\"]}]},{\"@type\":\"BreadcrumbList\",\"@id\":\"https:\/\/webshop.artpred.com\/de\/#breadcrumb\",\"itemListElement\":[{\"@type\":\"ListItem\",\"position\":1,\"name\":\"Home\",\"item\":\"https:\/\/webshop.artpred.com\/de\/\"},{\"@type\":\"ListItem\",\"position\":2,\"name\":\"Home\"}]},{\"@type\":\"WebSite\",\"@id\":\"https:\/\/webshop.artpred.com\/de\/#website\",\"url\":\"https:\/\/webshop.artpred.com\/de\/\",\"name\":\"webshop.artpred.com\",\"description\":\"ReceptIVFity test zu Hause\",\"potentialAction\":[{\"@type\":\"SearchAction\",\"target\":{\"@type\":\"EntryPoint\",\"urlTemplate\":\"https:\/\/webshop.artpred.com\/de\/?s={search_term_string}\"},\"query-input\":\"required name=search_term_string\"}],\"inLanguage\":\"de-DE\"}]}<\/script>\n<!-- \/ Yoast SEO plugin. -->","yoast_head_json":{"title":"ReceptIVFity heimtest | besseren Einsicht in Ihren Chancen","description":"ReceptIVFity Heimtest bestellen, zu Hause verwenden. Nehmen Sie den Test zu Hause und senden die Probe zur Analyse an das Labor.","robots":{"index":"index","follow":"follow","max-snippet":"max-snippet:-1","max-image-preview":"max-image-preview:large","max-video-preview":"max-video-preview:-1"},"canonical":"https:\/\/webshop.artpred.com\/de\/","og_locale":"de_DE","og_type":"article","og_title":"ReceptIVFity heimtest | besseren Einsicht in Ihren Chancen","og_description":"ReceptIVFity Heimtest bestellen, zu Hause verwenden. Nehmen Sie den Test zu Hause und senden die Probe zur Analyse an das Labor.","og_url":"https:\/\/webshop.artpred.com\/de\/","og_site_name":"webshop.artpred.com","article_modified_time":"2020-12-17T13:22:05+00:00","twitter_card":"summary_large_image","twitter_misc":{"Gesch\u00e4tzte Lesezeit":"3 Minuten"},"schema":{"@context":"https:\/\/schema.org","@graph":[{"@type":"WebPage","@id":"https:\/\/webshop.artpred.com\/de\/","url":"https:\/\/webshop.artpred.com\/de\/","name":"ReceptIVFity heimtest | besseren Einsicht in Ihren Chancen","isPartOf":{"@id":"https:\/\/webshop.artpred.com\/de\/#website"},"datePublished":"2018-01-07T19:18:02+00:00","dateModified":"2020-12-17T13:22:05+00:00","description":"ReceptIVFity Heimtest bestellen, zu Hause verwenden. Nehmen Sie den Test zu Hause und senden die Probe zur Analyse an das Labor.","breadcrumb":{"@id":"https:\/\/webshop.artpred.com\/de\/#breadcrumb"},"inLanguage":"de-DE","potentialAction":[{"@type":"ReadAction","target":["https:\/\/webshop.artpred.com\/de\/"]}]},{"@type":"BreadcrumbList","@id":"https:\/\/webshop.artpred.com\/de\/#breadcrumb","itemListElement":[{"@type":"ListItem","position":1,"name":"Home","item":"https:\/\/webshop.artpred.com\/de\/"},{"@type":"ListItem","position":2,"name":"Home"}]},{"@type":"WebSite","@id":"https:\/\/webshop.artpred.com\/de\/#website","url":"https:\/\/webshop.artpred.com\/de\/","name":"webshop.artpred.com","description":"ReceptIVFity test zu Hause","potentialAction":[{"@type":"SearchAction","target":{"@type":"EntryPoint","urlTemplate":"https:\/\/webshop.artpred.com\/de\/?s={search_term_string}"},"query-input":"required name=search_term_string"}],"inLanguage":"de-DE"}]}},"_links":{"self":[{"href":"https:\/\/webshop.artpred.com\/de\/wp-json\/wp\/v2\/pages\/4161"}],"collection":[{"href":"https:\/\/webshop.artpred.com\/de\/wp-json\/wp\/v2\/pages"}],"about":[{"href":"https:\/\/webshop.artpred.com\/de\/wp-json\/wp\/v2\/types\/page"}],"author":[{"embeddable":true,"href":"https:\/\/webshop.artpred.com\/de\/wp-json\/wp\/v2\/users\/1"}],"replies":[{"embeddable":true,"href":"https:\/\/webshop.artpred.com\/de\/wp-json\/wp\/v2\/comments?post=4161"}],"version-history":[{"count":40,"href":"https:\/\/webshop.artpred.com\/de\/wp-json\/wp\/v2\/pages\/4161\/revisions"}],"predecessor-version":[{"id":25793,"href":"https:\/\/webshop.artpred.com\/de\/wp-json\/wp\/v2\/pages\/4161\/revisions\/25793"}],"wp:attachment":[{"href":"https:\/\/webshop.artpred.com\/de\/wp-json\/wp\/v2\/media?parent=4161"}],"curies":[{"name":"wp","href":"https:\/\/api.w.org\/{rel}","templated":true}]}}